{"id":98,"date":"2012-07-15T20:41:16","date_gmt":"2012-07-15T20:41:16","guid":{"rendered":"http:\/\/www.kivuvu.net\/wordpress\/?page_id=98"},"modified":"2013-06-10T08:45:39","modified_gmt":"2013-06-10T08:45:39","slug":"le-terrain-agricole","status":"publish","type":"page","link":"https:\/\/www.kivuvu.net\/wordpress\/?page_id=98","title":{"rendered":"Les champs de l&rsquo;espoir"},"content":{"rendered":"<p><a href=\"https:\/\/www.kivuvu.net\/wordpress\/wp-content\/uploads\/2012\/07\/Champs-14.jpg\"><img loading=\"lazy\" decoding=\"async\" class=\"alignright size-medium wp-image-266\" title=\"Champs-(1)\" src=\"https:\/\/www.kivuvu.net\/wordpress\/wp-content\/uploads\/2012\/07\/Champs-14-300x225.jpg\" alt=\"\" width=\"300\" height=\"225\" srcset=\"https:\/\/www.kivuvu.net\/wordpress\/wp-content\/uploads\/2012\/07\/Champs-14-300x225.jpg 300w, https:\/\/www.kivuvu.net\/wordpress\/wp-content\/uploads\/2012\/07\/Champs-14-1024x767.jpg 1024w, https:\/\/www.kivuvu.net\/wordpress\/wp-content\/uploads\/2012\/07\/Champs-14-400x300.jpg 400w, https:\/\/www.kivuvu.net\/wordpress\/wp-content\/uploads\/2012\/07\/Champs-14.jpg 1772w\" sizes=\"auto, (max-width: 300px) 100vw, 300px\" \/><\/a>Bana ya Kivuvu est propri\u00e9taire de deux champs qui ont \u00e9t\u00e9 acquis en vue d\u2019int\u00e9grer leur exploitation dans la vision globale de l\u2019\u0153uvre dont les activit\u00e9s visent essentiellement \u00e0 l\u2019accueil, la prise en charge et la r\u00e9insertion sociale d\u2019une population particuli\u00e8rement fragilis\u00e9e et d\u00e9favoris\u00e9e\u00a0: les enfants de la rue de Kinshasa ainsi que les femmes qui vivent de la prostitution.<\/p>\n<p>Le premier champ (\u00e0 Wassa), situ\u00e9 \u00e0 une vingtaine de kilom\u00e8tres de Kinshasa, a \u00e9t\u00e9 achet\u00e9 en 2009. Sa surface \u00e9tait de 22 ha. Une ann\u00e9e plus tard,\u00a0 4 ha suppl\u00e9mentaires ont pu y \u00eatre ajout\u00e9s, permettant ainsi un acc\u00e8s direct \u00e0 une rivi\u00e8re. Il s\u2019est av\u00e9r\u00e9 que le terrain n\u2019est finalement pas tr\u00e8s propice \u00e0 une bonne exploitation. Dans le pass\u00e9, il avait \u00e9t\u00e9 occup\u00e9 par une for\u00eat, ce qui demande un tr\u00e8s gros travail de d\u00e9frichage. En plus, c\u2019est un terrain en bonne partie accident\u00e9 avec beaucoup de collines ce qui n\u2019est pas tr\u00e8s favorable\u00a0 \u00e0 des cultures agricoles et mara\u00eech\u00e8res.<\/p>\n<p>Le deuxi\u00e8me champ d\u2019environ 200 ha se trouve \u00e0 220 km au nord-est de Kinshasa sur le Plateau de Bateke. Il a pu \u00eatre acquis en janvier 2012 pour un montant de 15000 dollars US repr\u00e9sentant le produit\u00a0 de la vente d\u2019un camion offert par des amis en France. Il s\u2019agissait l\u00e0 d\u2019un prix exceptionnel obtenus apr\u00e8s d\u2019utiles marchandages par maman H\u00e9l\u00e8ne, directrice de Bana ya Kivuvu. En d\u00e9cembre de la m\u00eame ann\u00e9e, une surface contigu\u00eb de 73 ha a encore pu \u00eatre achet\u00e9e, ce qui permet \u00e9galement d\u2019avoir un seul lot d\u2019une surface globale d\u2019environ 280 ha avec acc\u00e8s \u00e0 une rivi\u00e8re, offrant ainsi d\u2019int\u00e9ressantes possibilit\u00e9s d\u2019exploitation. Cette r\u00e9gion de Bateke est id\u00e9ale pour l\u2019agriculture et la majeure partie du champ est plate. Lors du tra\u00e7age de la propri\u00e9t\u00e9, il a \u00e9t\u00e9 d\u00e9couvert une savane sans arbres qui facilitera les diverses cultures. Tr\u00e8s rapidement du riz de montagne y a \u00e9t\u00e9 sem\u00e9.<a href=\"https:\/\/www.kivuvu.net\/wordpress\/wp-content\/uploads\/2012\/07\/champ-MFK.jpg\"><img loading=\"lazy\" decoding=\"async\" class=\"alignright size-large wp-image-502\" title=\"champ MFK\" src=\"https:\/\/www.kivuvu.net\/wordpress\/wp-content\/uploads\/2012\/07\/champ-MFK-1024x768.jpg\" alt=\"\" width=\"584\" height=\"438\" srcset=\"https:\/\/www.kivuvu.net\/wordpress\/wp-content\/uploads\/2012\/07\/champ-MFK-1024x768.jpg 1024w, https:\/\/www.kivuvu.net\/wordpress\/wp-content\/uploads\/2012\/07\/champ-MFK-300x225.jpg 300w, https:\/\/www.kivuvu.net\/wordpress\/wp-content\/uploads\/2012\/07\/champ-MFK-400x300.jpg 400w\" sizes=\"auto, (max-width: 584px) 100vw, 584px\" \/><\/a><\/p>\n<p>Jusqu\u2019ici (d\u00e9but 2013), divers travaux ont \u00e9t\u00e9 r\u00e9alis\u00e9s et les r\u00e9coltes obtenues dans les deux champs sont dans l\u2019ensemble prometteuses pour l\u2019avenir. Dans le premier champ \u00e0 Wassa plusieurs hectares ont \u00e9t\u00e9 d\u00e9frich\u00e9s et dessouch\u00e9s. Pendant les trois premi\u00e8res ann\u00e9es, les travaux \u00e9taient assez infructueux. Mais en 2012, on a pu y r\u00e9colter du manioc, des ni\u00e9b\u00e9s et du ma\u00efs. Ainsi le manioc cultiv\u00e9 a permis de nourrir pendant deux mois l\u2019ensemble des enfants, femmes et membres de l\u2019\u00e9quipe. On a m\u00eame eu assez pour offrir huit repas aux 180 jeunes de la prison de Kinshasa qui sont visit\u00e9s chaque semaine par l\u2019association en vue d\u2019un travail d\u2019\u00e9vang\u00e9lisation et d\u2019aide pratique (distribution de repas, habits, etc.).<a href=\"https:\/\/www.kivuvu.net\/wordpress\/wp-content\/uploads\/2012\/07\/IMG_0391.jpg\"><img loading=\"lazy\" decoding=\"async\" class=\"alignright size-large wp-image-385\" title=\"IMG_0391\" src=\"https:\/\/www.kivuvu.net\/wordpress\/wp-content\/uploads\/2012\/07\/IMG_0391-1024x768.jpg\" alt=\"\" width=\"584\" height=\"438\" srcset=\"https:\/\/www.kivuvu.net\/wordpress\/wp-content\/uploads\/2012\/07\/IMG_0391-1024x768.jpg 1024w, https:\/\/www.kivuvu.net\/wordpress\/wp-content\/uploads\/2012\/07\/IMG_0391-300x225.jpg 300w, https:\/\/www.kivuvu.net\/wordpress\/wp-content\/uploads\/2012\/07\/IMG_0391-400x300.jpg 400w\" sizes=\"auto, (max-width: 584px) 100vw, 584px\" \/><\/a><\/p>\n<p>Sur le grand champ du Plateau de Bateke diverses cultures ont pu \u00eatre mises en route \u00e0 l\u2019aide d\u2019un tracteur lou\u00e9 avec lequel environ six hectares ont \u00e9t\u00e9 labour\u00e9s. D\u2019ailleurs, une demande a \u00e9t\u00e9 adress\u00e9e aux autorit\u00e9s en vue d\u2019obtenir gratuitement un tracteur dans le cadre d\u2019une aide gouvernementale en faveur d\u2019exploitations agricoles de grande surface. L\u2019association esp\u00e8re qu\u2019une r\u00e9ponse favorable soit accord\u00e9e \u00e0 cette d\u00e9marche.<a href=\"https:\/\/www.kivuvu.net\/wordpress\/wp-content\/uploads\/2012\/07\/Bateke-1.jpg\"><img decoding=\"async\" class=\"alignright size-full wp-image-496\" title=\"Bateke 1\" src=\"https:\/\/www.kivuvu.net\/wordpress\/wp-content\/uploads\/2012\/07\/Bateke-1.jpg\" alt=\"\" \/><\/a><\/p>\n<p>Dans un premier temps, l\u2019accent est mis sur la culture de manioc sans n\u00e9gliger d\u2019autres initiatives au niveau mara\u00eecher. En effet, \u00e0 proximit\u00e9 de ce terrain se trouve une grande ferme avec une surface de terrain de 3000 ha. Diverses infrastructures et une installation de transformation du manioc s\u2019y trouvent et les contacts avec la propri\u00e9taire ont permis d\u2019envisager la vente du manioc \u00e0 cette ferme qui prendrait en charge son traitement et son \u00e9coulement gr\u00e2ce \u00e0 des structures appropri\u00e9es. Depuis son acquisition, trois cases ont pu \u00eatre construites sur ce terrain appartenant \u00e0 Bana ya Kivuvu et divers travaux ont \u00e9t\u00e9 r\u00e9alis\u00e9s en particulier avec l\u2019aide de jeunes ayant grandi \u00e0 la Maison de l\u2019Espoir. Une contribution pr\u00e9cieuse en conseils et implication pratique est venue d\u2019un jeune suisse, Timoth\u00e9e Grisel, qui y a pass\u00e9 plusieurs semaines en hiver 2012\/13.<a href=\"https:\/\/www.kivuvu.net\/wordpress\/wp-content\/uploads\/2012\/07\/Bateke.jpg\"><img loading=\"lazy\" decoding=\"async\" class=\"alignright size-large wp-image-499\" title=\"Bateke\" src=\"https:\/\/www.kivuvu.net\/wordpress\/wp-content\/uploads\/2012\/07\/Bateke-1024x768.jpg\" alt=\"\" width=\"584\" height=\"438\" srcset=\"https:\/\/www.kivuvu.net\/wordpress\/wp-content\/uploads\/2012\/07\/Bateke-1024x768.jpg 1024w, https:\/\/www.kivuvu.net\/wordpress\/wp-content\/uploads\/2012\/07\/Bateke-300x225.jpg 300w, https:\/\/www.kivuvu.net\/wordpress\/wp-content\/uploads\/2012\/07\/Bateke-400x300.jpg 400w\" sizes=\"auto, (max-width: 584px) 100vw, 584px\" \/><\/a><\/p>\n<p>Revenons \u00e0 la vision de d\u00e9part par rapport \u00e0 l\u2019exploitation de ces deux champs. Les cultures devront permettre dans un avenir plus ou moins proche d\u2019alimenter en nourriture\u00a0 les diff\u00e9rentes maisons de Kinshasa. Le surplus de la production pourra \u00eatre vendu au march\u00e9 et permettra de couvrir partiellement les d\u00e9penses importantes de l\u2019\u0153uvre qui concernent principalement les salaires des collaborateurs(trices) et la prise en charge des enfants et des femmes, sans parler d\u2019autres d\u00e9penses r\u00e9guli\u00e8res qui concernent le fonctionnement de l\u2019ensemble de cette grande organisation.\u00a0 A plus longue \u00e9ch\u00e9ance, on devrait probablement pouvoir couvrir l\u2019ensemble des besoins financiers. Cela pourrait permettre une \u00e9ventuelle extension de l\u2019\u0153uvre selon les besoins ainsi que de la vision par rapport aux buts initiaux de Bana ya Kivuvu.<\/p>\n<p>Mais un des piliers des projets d\u2019avenir concerne l\u2019engagement, la formation et la r\u00e9tribution mat\u00e9rielle d\u2019ouvriers qui pourront ainsi b\u00e9n\u00e9ficier d\u2019une meilleure situation \u00e9conomique et sociale combien n\u00e9cessaire dans le contexte de ce grand pays du Congo touch\u00e9 par tant de mis\u00e8re. Cette main-d\u2019\u0153uvre sera issue principalement des jeunes ayant grandi dans les maisons d\u2019accueil de l\u2019association ainsi que de la prison. Tr\u00e8s concr\u00e8tement, on imagine la mise sur pied de structures ad\u00e9quates pour d\u00e9velopper des cultures vivri\u00e8res sur une grande \u00e9chelle (manioc, riz, ma\u00efs, l\u00e9gumes, etc.), pour pratiquer l\u2019arboriculture (mangues, ananas, caf\u00e9, palmiers \u00e0 huile, etc.). Le contexte se pr\u00eaterait aussi \u00e0 l\u2019\u00e9levage (bovins, ch\u00e8vres, volailles, porcs, etc.), sans parler de projets touchant \u00e0 la sylviculture, la pisciculture, l\u2019apiculture et d\u2019autres activit\u00e9s possibles. La transformation de divers produits pourrait conduire au d\u00e9veloppement d\u2019autres corps de m\u00e9tier (p.ex. menuiserie, s\u00e9chage, boucherie, ateliers m\u00e9caniques, etc.). On se met \u00e0 r\u00eaver de pouvoir offrir des places de travail et de formation en faveur de jeunes de Kinshasa qui ont connu dans leur pass\u00e9 la rue, la souffrance physique et psychique, la prison.<\/p>\n<p>D\u00e8s le d\u00e9but de l\u2019\u0153uvre, Bana ya Kivuvu a r\u00e9solument voulu faire confiance \u00e0 Dieu. Ce principe reste valable aussi par rapport \u00e0 ce champ. Les responsables sont conscients qu\u2019ils ont besoin de sagesse et d\u2019une direction claire afin de bien g\u00e9rer les activit\u00e9s li\u00e9es \u00e0 cette nouvelle \u00e9tape..<\/p>\n<p>&nbsp;<\/p>\n<p><a href=\"https:\/\/www.kivuvu.net\/wordpress\/wp-content\/uploads\/2012\/07\/Champs-64.jpg\"><img loading=\"lazy\" decoding=\"async\" class=\"alignnone size-large wp-image-267\" title=\"Champs-(6)\" src=\"https:\/\/www.kivuvu.net\/wordpress\/wp-content\/uploads\/2012\/07\/Champs-64-1024x767.jpg\" alt=\"\" width=\"584\" height=\"437\" srcset=\"https:\/\/www.kivuvu.net\/wordpress\/wp-content\/uploads\/2012\/07\/Champs-64-1024x767.jpg 1024w, https:\/\/www.kivuvu.net\/wordpress\/wp-content\/uploads\/2012\/07\/Champs-64-300x225.jpg 300w, https:\/\/www.kivuvu.net\/wordpress\/wp-content\/uploads\/2012\/07\/Champs-64-400x300.jpg 400w, https:\/\/www.kivuvu.net\/wordpress\/wp-content\/uploads\/2012\/07\/Champs-64.jpg 1772w\" sizes=\"auto, (max-width: 584px) 100vw, 584px\" \/><\/a><\/p>\n","protected":false},"excerpt":{"rendered":"<p>Bana ya Kivuvu est propri\u00e9taire de deux champs qui ont \u00e9t\u00e9 acquis en vue d\u2019int\u00e9grer leur exploitation dans la vision globale de l\u2019\u0153uvre dont les activit\u00e9s visent essentiellement \u00e0 l\u2019accueil, la prise en charge et la r\u00e9insertion sociale d\u2019une population &hellip; <a href=\"https:\/\/www.kivuvu.net\/wordpress\/?page_id=98\">Continuer la lecture <span class=\"meta-nav\">&rarr;<\/span><\/a><\/p>\n","protected":false},"author":1,"featured_media":0,"parent":0,"menu_order":0,"comment_status":"closed","ping_status":"closed","template":"","meta":{"footnotes":""},"class_list":["post-98","page","type-page","status-publish","hentry"],"_links":{"self":[{"href":"https:\/\/www.kivuvu.net\/wordpress\/index.php?rest_route=\/wp\/v2\/pages\/98","targetHints":{"allow":["GET"]}}],"collection":[{"href":"https:\/\/www.kivuvu.net\/wordpress\/index.php?rest_route=\/wp\/v2\/pages"}],"about":[{"href":"https:\/\/www.kivuvu.net\/wordpress\/index.php?rest_route=\/wp\/v2\/types\/page"}],"author":[{"embeddable":true,"href":"https:\/\/www.kivuvu.net\/wordpress\/index.php?rest_route=\/wp\/v2\/users\/1"}],"replies":[{"embeddable":true,"href":"https:\/\/www.kivuvu.net\/wordpress\/index.php?rest_route=%2Fwp%2Fv2%2Fcomments&post=98"}],"version-history":[{"count":16,"href":"https:\/\/www.kivuvu.net\/wordpress\/index.php?rest_route=\/wp\/v2\/pages\/98\/revisions"}],"predecessor-version":[{"id":264,"href":"https:\/\/www.kivuvu.net\/wordpress\/index.php?rest_route=\/wp\/v2\/pages\/98\/revisions\/264"}],"wp:attachment":[{"href":"https:\/\/www.kivuvu.net\/wordpress\/index.php?rest_route=%2Fwp%2Fv2%2Fmedia&parent=98"}],"curies":[{"name":"wp","href":"https:\/\/api.w.org\/{rel}","templated":true}]}}