{"id":340,"date":"2012-12-19T14:21:06","date_gmt":"2012-12-19T14:21:06","guid":{"rendered":"http:\/\/www.kivuvu.net\/wordpress\/?page_id=340"},"modified":"2023-03-25T16:55:48","modified_gmt":"2023-03-25T16:55:48","slug":"parrainage","status":"publish","type":"page","link":"https:\/\/www.kivuvu.net\/wordpress\/?page_id=340","title":{"rendered":"Parrainages"},"content":{"rendered":"\n<p>Comme vous le d\u00e9couvrez sur notre site Bana Ya Kivuvu s\u2019engage envers les enfants de la rue et les jeunes femmes vuln\u00e9rables en R\u00e9publique d\u00e9mocratique du Congo.<\/p>\n\n\n\n<p>Avec vous, nous d\u00e9sirons \u00eatre un soutien pour leur travail&nbsp;! Nous vous proposons deux sortes de parrainages&nbsp;:<\/p>\n\n\n\n<ul class=\"wp-block-list\"><li><strong>Soutenez un jeune gar\u00e7on&nbsp;: de la rue \u00e0 une r\u00e9insertion professionnelle<\/strong><\/li><\/ul>\n\n\n\n<p>Votre soutien permettra \u00e0 un jeune gar\u00e7on de b\u00e9n\u00e9ficier d\u2019une aide pr\u00e9cieuse pour ses besoins de base (nourriture, logement, scolarit\u00e9, soins m\u00e9dicaux, formation professionnelle) et lui permettra d\u2019envisager de l\u2019espoir pour son avenir.<\/p>\n\n\n\n<p>La dur\u00e9e d\u2019accueil d\u2019un jeune est d\u2019une dizaine d\u2019ann\u00e9es environ. La prise en charge d\u2019un enfant de 10 ans \u00e0 Kinshasa pour un mois revient \u00e0 100 CHF.<\/p>\n\n\n\n<ul class=\"wp-block-list\"><li><strong>Soutenez une jeune fille&nbsp;: un changement de trajectoire &#8211; de la prostitution \u00e0 une nouvelle dignit\u00e9<\/strong><\/li><\/ul>\n\n\n\n<p>Votre soutien permettra \u00e0 une jeune fille de b\u00e9n\u00e9ficier d\u2019un accompagnement social, spirituel et pratique (alphab\u00e9tisation, enseignement biblique, activit\u00e9 de promotion de la sant\u00e9, formation professionnelle, micro-cr\u00e9dit, soins m\u00e9dicaux) sur une dur\u00e9e d\u2019un \u00e0 quatre ans. &nbsp;<\/p>\n\n\n\n<p><\/p>\n\n\n\n<p>Nous proposons des parrainages de 50 ou 100 CHF par mois. Les versements sont possibles mensuellement, trimestriellement ou annuellement, pour une dur\u00e9e \u00e0 d\u00e9terminer ensemble.<\/p>\n\n\n\n<p>Si vous d\u00e9sirez commencer un parrainage, merci de prendre contact avec nous par mail <a href=\"mailto:parrainage.kivuvu@gmail.com\">parrainage.kivuvu@gmail.com<\/a> ou par t\u00e9l\u00e9phone (078&nbsp;717 94 39), et de nous indiquer votre choix de b\u00e9n\u00e9ficiaire et le montant de votre soutien.<\/p>\n\n\n\n<p>De notre c\u00f4t\u00e9 nous vous garantissons que la totalit\u00e9 de vos versements profite directement aux b\u00e9n\u00e9ficiaires sur le terrain. Et nous nous engageons \u00e0 vous donner des nouvelles.<\/p>\n","protected":false},"excerpt":{"rendered":"<p>Comme vous le d\u00e9couvrez sur notre site Bana Ya Kivuvu s\u2019engage envers les enfants de la rue et les jeunes femmes vuln\u00e9rables en R\u00e9publique d\u00e9mocratique du Congo. Avec vous, nous d\u00e9sirons \u00eatre un soutien pour leur travail&nbsp;! Nous vous proposons &hellip; <a href=\"https:\/\/www.kivuvu.net\/wordpress\/?page_id=340\">Continuer la lecture <span class=\"meta-nav\">&rarr;<\/span><\/a><\/p>\n","protected":false},"author":2,"featured_media":0,"parent":0,"menu_order":0,"comment_status":"closed","ping_status":"closed","template":"","meta":{"footnotes":""},"class_list":["post-340","page","type-page","status-publish","hentry"],"_links":{"self":[{"href":"https:\/\/www.kivuvu.net\/wordpress\/index.php?rest_route=\/wp\/v2\/pages\/340","targetHints":{"allow":["GET"]}}],"collection":[{"href":"https:\/\/www.kivuvu.net\/wordpress\/index.php?rest_route=\/wp\/v2\/pages"}],"about":[{"href":"https:\/\/www.kivuvu.net\/wordpress\/index.php?rest_route=\/wp\/v2\/types\/page"}],"author":[{"embeddable":true,"href":"https:\/\/www.kivuvu.net\/wordpress\/index.php?rest_route=\/wp\/v2\/users\/2"}],"replies":[{"embeddable":true,"href":"https:\/\/www.kivuvu.net\/wordpress\/index.php?rest_route=%2Fwp%2Fv2%2Fcomments&post=340"}],"version-history":[{"count":14,"href":"https:\/\/www.kivuvu.net\/wordpress\/index.php?rest_route=\/wp\/v2\/pages\/340\/revisions"}],"predecessor-version":[{"id":801,"href":"https:\/\/www.kivuvu.net\/wordpress\/index.php?rest_route=\/wp\/v2\/pages\/340\/revisions\/801"}],"wp:attachment":[{"href":"https:\/\/www.kivuvu.net\/wordpress\/index.php?rest_route=%2Fwp%2Fv2%2Fmedia&parent=340"}],"curies":[{"name":"wp","href":"https:\/\/api.w.org\/{rel}","templated":true}]}}