{"id":94,"date":"2012-07-15T20:39:41","date_gmt":"2012-07-15T20:39:41","guid":{"rendered":"http:\/\/www.kivuvu.net\/wordpress\/?page_id=94"},"modified":"2012-08-06T08:40:01","modified_gmt":"2012-08-06T08:40:01","slug":"annonce-de-levangile-en-prison","status":"publish","type":"page","link":"http:\/\/www.kivuvu.net\/wordpress\/?page_id=94","title":{"rendered":"Annonce de l&rsquo;Evangile en prison"},"content":{"rendered":"<p>Dans la prison principale de Kinshasa, il y a une section pour les personnes mineures. Depuis quelques ann\u00e9es, une fois par semaine, des \u00e9ducateurs accompagn\u00e9s d\u2019autres personnes peuvent se rendre \u00e0 la prison afin de leur apporter un message biblique et un repas. Pour certains, c\u2019est le seul repas qu\u2019ils re\u00e7oivent dans la semaine. Pendant la p\u00e9riode de No\u00ebl 2009, Bana ya Kivuvu a pu obtenir l\u2019autorisation d\u2019organiser, \u00e0 l\u2019int\u00e9rieur de la prison, un camp d\u2019enseignement spirituel. Depuis lors, d\u2019autres efforts similaires sont mis sur pied avec de magnifiques r\u00e9sultats. Ainsi une semence est jet\u00e9e dans les c\u0153urs avec l\u2019espoir qu\u2019un jour elle l\u00e8vera dans de nombreuses vies.<\/p>\n\n\t\t<style type=\"text\/css\">\n\t\t\t#gallery-1 {\n\t\t\t\tmargin: auto;\n\t\t\t}\n\t\t\t#gallery-1 .gallery-item {\n\t\t\t\tfloat: left;\n\t\t\t\tmargin-top: 10px;\n\t\t\t\ttext-align: center;\n\t\t\t\twidth: 33%;\n\t\t\t}\n\t\t\t#gallery-1 img {\n\t\t\t\tborder: 2px solid #cfcfcf;\n\t\t\t}\n\t\t\t#gallery-1 .gallery-caption {\n\t\t\t\tmargin-left: 0;\n\t\t\t}\n\t\t\t\/* see gallery_shortcode() in wp-includes\/media.php *\/\n\t\t<\/style>\n\t\t<div id='gallery-1' class='gallery galleryid-94 gallery-columns-3 gallery-size-thumbnail'><dl class='gallery-item'>\n\t\t\t<dt class='gallery-icon landscape'>\n\t\t\t\t<a href='http:\/\/www.kivuvu.net\/wordpress\/?attachment_id=104'><img loading=\"lazy\" decoding=\"async\" width=\"150\" height=\"150\" src=\"http:\/\/www.kivuvu.net\/wordpress\/wp-content\/uploads\/2012\/07\/Prison-Kin-1-150x150.jpg\" class=\"attachment-thumbnail size-thumbnail\" alt=\"\" \/><\/a>\n\t\t\t<\/dt><\/dl><dl class='gallery-item'>\n\t\t\t<dt class='gallery-icon landscape'>\n\t\t\t\t<a href='http:\/\/www.kivuvu.net\/wordpress\/?attachment_id=105'><img loading=\"lazy\" decoding=\"async\" width=\"150\" height=\"150\" src=\"http:\/\/www.kivuvu.net\/wordpress\/wp-content\/uploads\/2012\/07\/Prison-Kin-150x150.jpg\" class=\"attachment-thumbnail size-thumbnail\" alt=\"\" \/><\/a>\n\t\t\t<\/dt><\/dl>\n\t\t\t<br style='clear: both' \/>\n\t\t<\/div>\n\n<p>&nbsp;<\/p>\n","protected":false},"excerpt":{"rendered":"<p>Dans la prison principale de Kinshasa, il y a une section pour les personnes mineures. Depuis quelques ann\u00e9es, une fois par semaine, des \u00e9ducateurs accompagn\u00e9s d\u2019autres personnes peuvent se rendre \u00e0 la prison afin de leur apporter un message biblique &hellip; <a href=\"http:\/\/www.kivuvu.net\/wordpress\/?page_id=94\">Continuer la lecture <span class=\"meta-nav\">&rarr;<\/span><\/a><\/p>\n","protected":false},"author":1,"featured_media":0,"parent":0,"menu_order":0,"comment_status":"closed","ping_status":"closed","template":"","meta":{"footnotes":""},"class_list":["post-94","page","type-page","status-publish","hentry"],"_links":{"self":[{"href":"http:\/\/www.kivuvu.net\/wordpress\/index.php?rest_route=\/wp\/v2\/pages\/94","targetHints":{"allow":["GET"]}}],"collection":[{"href":"http:\/\/www.kivuvu.net\/wordpress\/index.php?rest_route=\/wp\/v2\/pages"}],"about":[{"href":"http:\/\/www.kivuvu.net\/wordpress\/index.php?rest_route=\/wp\/v2\/types\/page"}],"author":[{"embeddable":true,"href":"http:\/\/www.kivuvu.net\/wordpress\/index.php?rest_route=\/wp\/v2\/users\/1"}],"replies":[{"embeddable":true,"href":"http:\/\/www.kivuvu.net\/wordpress\/index.php?rest_route=%2Fwp%2Fv2%2Fcomments&post=94"}],"version-history":[{"count":9,"href":"http:\/\/www.kivuvu.net\/wordpress\/index.php?rest_route=\/wp\/v2\/pages\/94\/revisions"}],"predecessor-version":[{"id":322,"href":"http:\/\/www.kivuvu.net\/wordpress\/index.php?rest_route=\/wp\/v2\/pages\/94\/revisions\/322"}],"wp:attachment":[{"href":"http:\/\/www.kivuvu.net\/wordpress\/index.php?rest_route=%2Fwp%2Fv2%2Fmedia&parent=94"}],"curies":[{"name":"wp","href":"https:\/\/api.w.org\/{rel}","templated":true}]}}