{"id":84,"date":"2012-07-15T20:33:53","date_gmt":"2012-07-15T20:33:53","guid":{"rendered":"http:\/\/www.kivuvu.net\/wordpress\/?page_id=84"},"modified":"2020-03-09T14:18:54","modified_gmt":"2020-03-09T14:18:54","slug":"la-maison-des-filles","status":"publish","type":"page","link":"http:\/\/www.kivuvu.net\/wordpress\/?page_id=84","title":{"rendered":"La Maison des filles"},"content":{"rendered":"<p>La maison des filles, appel\u00e9e \u00abHavre de paix\u00bb, a \u00e9t\u00e9 acquise en septembre 2010. Elle se remplit petit \u00e0 petit en vue d\u2019accueillir finalement une vingtaine de filles. Le programme d\u2019insertion est le m\u00eame que pour les gar\u00e7ons de la Maison de l\u2019Espoir. Ces filles ont souvent grandi dans des conditions difficiles (orphelines, rejet\u00e9es par leur famille, vie dans la rue, etc.). Sans de telles structures d\u2019encadrement, de tr\u00e8s nombreuses filles se perdent dans la prostitution tout simplement pour pouvoir survivre mat\u00e9riellement dans un contexte de mis\u00e8re compl\u00e8te et de grande souffrance. Comme les gar\u00e7ons, ces filles sont aussi prises en charge par une \u00e9quipe ad\u00e9quate.<\/p>\n<p><a href=\"http:\/\/www.kivuvu.net\/wordpress\/wp-content\/uploads\/2020\/03\/GBWA-20181225153607.jpg\"><img loading=\"lazy\" decoding=\"async\" class=\"alignright size-large wp-image-697\" src=\"http:\/\/www.kivuvu.net\/wordpress\/wp-content\/uploads\/2020\/03\/GBWA-20181225153607-1024x576.jpg\" alt=\"\" width=\"584\" height=\"329\" srcset=\"http:\/\/www.kivuvu.net\/wordpress\/wp-content\/uploads\/2020\/03\/GBWA-20181225153607-1024x576.jpg 1024w, http:\/\/www.kivuvu.net\/wordpress\/wp-content\/uploads\/2020\/03\/GBWA-20181225153607-300x169.jpg 300w, http:\/\/www.kivuvu.net\/wordpress\/wp-content\/uploads\/2020\/03\/GBWA-20181225153607-768x432.jpg 768w, http:\/\/www.kivuvu.net\/wordpress\/wp-content\/uploads\/2020\/03\/GBWA-20181225153607-500x281.jpg 500w, http:\/\/www.kivuvu.net\/wordpress\/wp-content\/uploads\/2020\/03\/GBWA-20181225153607.jpg 1080w\" sizes=\"auto, (max-width: 584px) 100vw, 584px\" \/><\/a><\/p>\n","protected":false},"excerpt":{"rendered":"<p>La maison des filles, appel\u00e9e \u00abHavre de paix\u00bb, a \u00e9t\u00e9 acquise en septembre 2010. Elle se remplit petit \u00e0 petit en vue d\u2019accueillir finalement une vingtaine de filles. Le programme d\u2019insertion est le m\u00eame que pour les gar\u00e7ons de la &hellip; <a href=\"http:\/\/www.kivuvu.net\/wordpress\/?page_id=84\">Continuer la lecture <span class=\"meta-nav\">&rarr;<\/span><\/a><\/p>\n","protected":false},"author":1,"featured_media":0,"parent":0,"menu_order":0,"comment_status":"closed","ping_status":"closed","template":"","meta":{"footnotes":""},"class_list":["post-84","page","type-page","status-publish","hentry"],"_links":{"self":[{"href":"http:\/\/www.kivuvu.net\/wordpress\/index.php?rest_route=\/wp\/v2\/pages\/84","targetHints":{"allow":["GET"]}}],"collection":[{"href":"http:\/\/www.kivuvu.net\/wordpress\/index.php?rest_route=\/wp\/v2\/pages"}],"about":[{"href":"http:\/\/www.kivuvu.net\/wordpress\/index.php?rest_route=\/wp\/v2\/types\/page"}],"author":[{"embeddable":true,"href":"http:\/\/www.kivuvu.net\/wordpress\/index.php?rest_route=\/wp\/v2\/users\/1"}],"replies":[{"embeddable":true,"href":"http:\/\/www.kivuvu.net\/wordpress\/index.php?rest_route=%2Fwp%2Fv2%2Fcomments&post=84"}],"version-history":[{"count":14,"href":"http:\/\/www.kivuvu.net\/wordpress\/index.php?rest_route=\/wp\/v2\/pages\/84\/revisions"}],"predecessor-version":[{"id":699,"href":"http:\/\/www.kivuvu.net\/wordpress\/index.php?rest_route=\/wp\/v2\/pages\/84\/revisions\/699"}],"wp:attachment":[{"href":"http:\/\/www.kivuvu.net\/wordpress\/index.php?rest_route=%2Fwp%2Fv2%2Fmedia&parent=84"}],"curies":[{"name":"wp","href":"https:\/\/api.w.org\/{rel}","templated":true}]}}