{"id":744,"date":"2021-02-09T08:59:45","date_gmt":"2021-02-09T08:59:45","guid":{"rendered":"http:\/\/www.kivuvu.net\/wordpress\/?page_id=744"},"modified":"2025-09-27T13:42:16","modified_gmt":"2025-09-27T13:42:16","slug":"stages","status":"publish","type":"page","link":"http:\/\/www.kivuvu.net\/wordpress\/?page_id=744","title":{"rendered":"Stages"},"content":{"rendered":"\n<p>Pour tout renseignement concernant un stage s&rsquo;adresser \u00e0 H\u00e9l\u00e8ne Alemusuey : alemusuey@yahoo.fr ou kivuvu.suisse@bluewin.ch<\/p>\n\n\n\n<p><\/p>\n","protected":false},"excerpt":{"rendered":"<p>Pour tout renseignement concernant un stage s&rsquo;adresser \u00e0 H\u00e9l\u00e8ne Alemusuey : alemusuey@yahoo.fr ou kivuvu.suisse@bluewin.ch<\/p>\n","protected":false},"author":1,"featured_media":0,"parent":0,"menu_order":0,"comment_status":"closed","ping_status":"closed","template":"","meta":{"footnotes":""},"class_list":["post-744","page","type-page","status-publish","hentry"],"_links":{"self":[{"href":"http:\/\/www.kivuvu.net\/wordpress\/index.php?rest_route=\/wp\/v2\/pages\/744","targetHints":{"allow":["GET"]}}],"collection":[{"href":"http:\/\/www.kivuvu.net\/wordpress\/index.php?rest_route=\/wp\/v2\/pages"}],"about":[{"href":"http:\/\/www.kivuvu.net\/wordpress\/index.php?rest_route=\/wp\/v2\/types\/page"}],"author":[{"embeddable":true,"href":"http:\/\/www.kivuvu.net\/wordpress\/index.php?rest_route=\/wp\/v2\/users\/1"}],"replies":[{"embeddable":true,"href":"http:\/\/www.kivuvu.net\/wordpress\/index.php?rest_route=%2Fwp%2Fv2%2Fcomments&post=744"}],"version-history":[{"count":5,"href":"http:\/\/www.kivuvu.net\/wordpress\/index.php?rest_route=\/wp\/v2\/pages\/744\/revisions"}],"predecessor-version":[{"id":897,"href":"http:\/\/www.kivuvu.net\/wordpress\/index.php?rest_route=\/wp\/v2\/pages\/744\/revisions\/897"}],"wp:attachment":[{"href":"http:\/\/www.kivuvu.net\/wordpress\/index.php?rest_route=%2Fwp%2Fv2%2Fmedia&parent=744"}],"curies":[{"name":"wp","href":"https:\/\/api.w.org\/{rel}","templated":true}]}}