{"id":74,"date":"2012-07-15T20:20:51","date_gmt":"2012-07-15T20:20:51","guid":{"rendered":"http:\/\/www.kivuvu.net\/wordpress\/?page_id=74"},"modified":"2013-06-10T09:08:14","modified_gmt":"2013-06-10T09:08:14","slug":"le-centre-partenaire-mbongwana","status":"publish","type":"page","link":"http:\/\/www.kivuvu.net\/wordpress\/?page_id=74","title":{"rendered":"Le centre partenaire Mbongwana"},"content":{"rendered":"<div><a href=\"http:\/\/www.kivuvu.net\/wordpress\/wp-content\/uploads\/2012\/07\/groupe-garcons.gif\"><img loading=\"lazy\" decoding=\"async\" class=\"size-medium wp-image-112 alignleft\" title=\"groupe-garcons\" src=\"http:\/\/www.kivuvu.net\/wordpress\/wp-content\/uploads\/2012\/07\/groupe-garcons-300x204.gif\" alt=\"\" width=\"300\" height=\"204\" srcset=\"http:\/\/www.kivuvu.net\/wordpress\/wp-content\/uploads\/2012\/07\/groupe-garcons-300x204.gif 300w, http:\/\/www.kivuvu.net\/wordpress\/wp-content\/uploads\/2012\/07\/groupe-garcons-1024x698.gif 1024w, http:\/\/www.kivuvu.net\/wordpress\/wp-content\/uploads\/2012\/07\/groupe-garcons-439x300.gif 439w\" sizes=\"auto, (max-width: 300px) 100vw, 300px\" \/><\/a>Il s\u2019agit d\u2019un centre d\u2019accueil\u00a0en milieu ouvert de l\u2019Etat. Il\u00a0recueille des enfants de la rue\u00a0qui viennent ponctuellement pour y\u00a0dormir, manger, s\u2019habiller, se laver, ou pour suivre des cours de rattrapage scolaire. C\u2019est dans ce centre que des gar\u00e7ons venant de la rue sont plac\u00e9s par Bana ya Kivuvu. Ils sont une bonne vingtaine. Cet accueil leur permet de b\u00e9n\u00e9ficier de l\u2019h\u00e9bergement, d\u2019un encadrement (\u00e9ducateurs et cuisini\u00e8res pris en charge par Bana ya Kivuvu) et de la scolarisation. Ce contexte plus large permet aux enfants de pouvoir se r\u00e9habituer ou s\u2019habituer aux r\u00e8gles sociales de la vie en collectivit\u00e9 et de perdre progressivement la mentalit\u00e9 qu\u2019ils ont d\u00e9velopp\u00e9e dans la\u00a0rue. En principe, quand des places se lib\u00e8rent dans\u00a0la Maison de l\u2019Espoir, ces gar\u00e7ons peuvent par la suite\u00a0y \u00eatre int\u00e9gr\u00e9s.<\/div>\n<div><a href=\"http:\/\/www.kivuvu.net\/wordpress\/wp-content\/uploads\/2012\/07\/Camp-enfants.jpg\"><img loading=\"lazy\" decoding=\"async\" class=\"alignright size-large wp-image-513\" title=\"Camp enfants\" src=\"http:\/\/www.kivuvu.net\/wordpress\/wp-content\/uploads\/2012\/07\/Camp-enfants-1024x683.jpg\" alt=\"\" width=\"584\" height=\"389\" srcset=\"http:\/\/www.kivuvu.net\/wordpress\/wp-content\/uploads\/2012\/07\/Camp-enfants-1024x683.jpg 1024w, http:\/\/www.kivuvu.net\/wordpress\/wp-content\/uploads\/2012\/07\/Camp-enfants-300x200.jpg 300w, http:\/\/www.kivuvu.net\/wordpress\/wp-content\/uploads\/2012\/07\/Camp-enfants-449x300.jpg 449w\" sizes=\"auto, (max-width: 584px) 100vw, 584px\" \/><\/a><\/div>\n","protected":false},"excerpt":{"rendered":"<p>Il s\u2019agit d\u2019un centre d\u2019accueil\u00a0en milieu ouvert de l\u2019Etat. Il\u00a0recueille des enfants de la rue\u00a0qui viennent ponctuellement pour y\u00a0dormir, manger, s\u2019habiller, se laver, ou pour suivre des cours de rattrapage scolaire. C\u2019est dans ce centre que des gar\u00e7ons venant de &hellip; <a href=\"http:\/\/www.kivuvu.net\/wordpress\/?page_id=74\">Continuer la lecture <span class=\"meta-nav\">&rarr;<\/span><\/a><\/p>\n","protected":false},"author":1,"featured_media":0,"parent":0,"menu_order":0,"comment_status":"closed","ping_status":"closed","template":"","meta":{"footnotes":""},"class_list":["post-74","page","type-page","status-publish","hentry"],"_links":{"self":[{"href":"http:\/\/www.kivuvu.net\/wordpress\/index.php?rest_route=\/wp\/v2\/pages\/74","targetHints":{"allow":["GET"]}}],"collection":[{"href":"http:\/\/www.kivuvu.net\/wordpress\/index.php?rest_route=\/wp\/v2\/pages"}],"about":[{"href":"http:\/\/www.kivuvu.net\/wordpress\/index.php?rest_route=\/wp\/v2\/types\/page"}],"author":[{"embeddable":true,"href":"http:\/\/www.kivuvu.net\/wordpress\/index.php?rest_route=\/wp\/v2\/users\/1"}],"replies":[{"embeddable":true,"href":"http:\/\/www.kivuvu.net\/wordpress\/index.php?rest_route=%2Fwp%2Fv2%2Fcomments&post=74"}],"version-history":[{"count":10,"href":"http:\/\/www.kivuvu.net\/wordpress\/index.php?rest_route=\/wp\/v2\/pages\/74\/revisions"}],"predecessor-version":[{"id":514,"href":"http:\/\/www.kivuvu.net\/wordpress\/index.php?rest_route=\/wp\/v2\/pages\/74\/revisions\/514"}],"wp:attachment":[{"href":"http:\/\/www.kivuvu.net\/wordpress\/index.php?rest_route=%2Fwp%2Fv2%2Fmedia&parent=74"}],"curies":[{"name":"wp","href":"https:\/\/api.w.org\/{rel}","templated":true}]}}