{"id":703,"date":"2021-01-23T09:54:00","date_gmt":"2021-01-23T09:54:00","guid":{"rendered":"http:\/\/www.kivuvu.net\/wordpress\/?page_id=703"},"modified":"2023-04-13T08:23:00","modified_gmt":"2023-04-13T08:23:00","slug":"projet-boende","status":"publish","type":"page","link":"http:\/\/www.kivuvu.net\/wordpress\/?page_id=703","title":{"rendered":"Les jeunes filles \u00e0 Boende"},"content":{"rendered":"\n<p><strong>Bref historique et descriptif du projet<\/strong><br>La situation de la femme et de l\u2019enfant en R\u00e9publique D\u00e9mocratique du Congo (RDC) demeure pr\u00e9occupante du fait de leur vuln\u00e9rabilit\u00e9.<br>La protection de ce groupe et l\u2019am\u00e9lioration de leur cadre de vie est un devoir qui s\u2019impose \u00e0 tous, elle exige la participation et l\u2019engagement aussi bien des autorit\u00e9s gouvernementales que des acteurs de la soci\u00e9t\u00e9 civile, les communaut\u00e9s, les parents, les femmes et enfants eux-m\u00eames.<\/p>\n\n\n\n<figure class=\"wp-block-image size-large is-resized\"><a href=\"http:\/\/www.kivuvu.net\/wordpress\/wp-content\/uploads\/2021\/01\/004.jpg\"><img loading=\"lazy\" decoding=\"async\" src=\"http:\/\/www.kivuvu.net\/wordpress\/wp-content\/uploads\/2021\/01\/004-1024x768.jpg\" alt=\"\" class=\"wp-image-721\" width=\"433\" height=\"326\" srcset=\"http:\/\/www.kivuvu.net\/wordpress\/wp-content\/uploads\/2021\/01\/004-1024x768.jpg 1024w, http:\/\/www.kivuvu.net\/wordpress\/wp-content\/uploads\/2021\/01\/004-300x225.jpg 300w, http:\/\/www.kivuvu.net\/wordpress\/wp-content\/uploads\/2021\/01\/004-768x576.jpg 768w, http:\/\/www.kivuvu.net\/wordpress\/wp-content\/uploads\/2021\/01\/004-400x300.jpg 400w, http:\/\/www.kivuvu.net\/wordpress\/wp-content\/uploads\/2021\/01\/004.jpg 1040w\" sizes=\"auto, (max-width: 433px) 100vw, 433px\" \/><\/a><\/figure>\n\n\n\n<div class=\"wp-block-columns is-layout-flex wp-container-core-columns-is-layout-9d6595d7 wp-block-columns-is-layout-flex\">\n<div class=\"wp-block-column is-layout-flow wp-block-column-is-layout-flow\">\n<p>Bana ya Kivuvu accompagne depuis plusieurs ann\u00e9es une centaine des jeunes femmes d\u00e9favoris\u00e9es dans les diff\u00e9rents sites de la ville province de Kinshasa (Kingasani, Paka juma, Lemba, Ngaba, Makala). Une dizaine d\u2019entre-elles sont accueillies chaque ann\u00e9e au centre socio professionnel <a href=\"http:\/\/www.kivuvu.net\/wordpress\/?page_id=22\">Bongwana ya Mozindo (BOMO<\/a> en sigle) pour leur prise en charge globale, leur formation professionnelle notamment en coupe couture et autres. La plupart des femmes rencontr\u00e9es sur le terrain de la prostitution proviennent de la province du grand Equateur, plus pr\u00e9cis\u00e9ment des villes de Boend\u00e9 et Basankusu.<\/p>\n<\/div>\n\n\n\n<div class=\"wp-block-column is-layout-flow wp-block-column-is-layout-flow\">\n<figure class=\"wp-block-image size-large\"><a href=\"http:\/\/www.kivuvu.net\/wordpress\/wp-content\/uploads\/2021\/01\/fillesforet.jpg\"><img loading=\"lazy\" decoding=\"async\" width=\"768\" height=\"1024\" src=\"http:\/\/www.kivuvu.net\/wordpress\/wp-content\/uploads\/2021\/01\/fillesforet-768x1024.jpg\" alt=\"\" class=\"wp-image-710\" srcset=\"http:\/\/www.kivuvu.net\/wordpress\/wp-content\/uploads\/2021\/01\/fillesforet-768x1024.jpg 768w, http:\/\/www.kivuvu.net\/wordpress\/wp-content\/uploads\/2021\/01\/fillesforet-225x300.jpg 225w, http:\/\/www.kivuvu.net\/wordpress\/wp-content\/uploads\/2021\/01\/fillesforet.jpg 780w\" sizes=\"auto, (max-width: 768px) 100vw, 768px\" \/><\/a><\/figure>\n<\/div>\n<\/div>\n\n\n\n<p>Voulant s\u2019attaquer au probl\u00e8me \u00e0 la source, Le but de ce projet est de continuer le travail de sensibilisation et conscientisation des hommes et femmes ainsi que les responsables de l&rsquo;Eglise et les notables de ces deux villes \u00e0 ce probl\u00e8me, de mettre en \u0153uvre diff\u00e9rentes activit\u00e9s enfin d&rsquo;arr\u00eater la venue de ces femmes et filles \u00e0 Kinshasa pour la prostitution.<\/p>\n\n\n\n<p>En collaboration avec la Ligue pour la Lecture de la Bible-R\u00e9gion du Grand Equateur, deux missions ont \u00e9t\u00e9 r\u00e9alis\u00e9es en 2018 et d\u00e9but 2019 dans la ville de Boend\u00e9 dans la province de la Tshuapa, \u00e0 l\u2019issue desquelles plusieurs activit\u00e9s ont \u00e9t\u00e9 initi\u00e9es&nbsp;: rencontres avec les leaders communautaires, responsables d&rsquo;Eglises&#8230;., formations, octroi de micro-cr\u00e9dits, \u00e9missions radio etc.<\/p>\n\n\n\n<figure class=\"wp-block-image size-large\"><a href=\"http:\/\/www.kivuvu.net\/wordpress\/wp-content\/uploads\/2021\/01\/015.jpg\"><img loading=\"lazy\" decoding=\"async\" width=\"1024\" height=\"768\" src=\"http:\/\/www.kivuvu.net\/wordpress\/wp-content\/uploads\/2021\/01\/015-1024x768.jpg\" alt=\"\" class=\"wp-image-722\" srcset=\"http:\/\/www.kivuvu.net\/wordpress\/wp-content\/uploads\/2021\/01\/015-1024x768.jpg 1024w, http:\/\/www.kivuvu.net\/wordpress\/wp-content\/uploads\/2021\/01\/015-300x225.jpg 300w, http:\/\/www.kivuvu.net\/wordpress\/wp-content\/uploads\/2021\/01\/015-768x576.jpg 768w, http:\/\/www.kivuvu.net\/wordpress\/wp-content\/uploads\/2021\/01\/015-400x300.jpg 400w, http:\/\/www.kivuvu.net\/wordpress\/wp-content\/uploads\/2021\/01\/015.jpg 1040w\" sizes=\"auto, (max-width: 1024px) 100vw, 1024px\" \/><\/a><\/figure>\n\n\n\n<p><strong>Contexte<\/strong><br>Toujours dans une phase fragile de reconstruction et de consolidation de la paix apr\u00e8s les conflits, la R\u00e9publique D\u00e9mocratique du Congo reste un pays moins avanc\u00e9 avec une mortalit\u00e9 maternelle et n\u00e9onatale et une pr\u00e9valence du VIH tr\u00e8s \u00e9lev\u00e9es ainsi qu\u2019un h\u00e9ritage de violences sexuelles.<br>Les filles sont plus particuli\u00e8rement vuln\u00e9rables&nbsp;; les activit\u00e9s sexuelles en \u00e9change d\u2019argent pour la survie peuvent commencer \u00e0 un tr\u00e8s jeune \u00e2ge, le commerce du corps devient un ph\u00e9nom\u00e8ne r\u00e9el dans toutes les classes sociales, ce qui expose les filles aux violences sexuelles, mariages pr\u00e9coces, grossesses non d\u00e9sir\u00e9es (1 sur 2 \u00e0 Kinshasa et 3 sur 4 \u00e0 Boend\u00e9) ou aux infections sexuellement transmissibles, dont le VIH.<\/p>\n\n\n\n<p><strong>Boend\u00e9<\/strong>, jadis un territoire, est devenu le chef-lieu de la nouvelle province de la Tshuapa, issue du d\u00e9membrement de la province du Grand-Equateur. C\u2019est&nbsp; est une r\u00e9gion urbano-rurale au c\u0153ur de la for\u00eat \u00e9quatoriale situ\u00e9e \u00e0 environ 1000 km au nord-est de la ville de Kinshasa, avec une population d\u2019environ 587 548 habitants (2020). On n\u2019y acc\u00e8de que par bateau ou par avion. Nous \u00e9tions tr\u00e8s \u00e9tonn\u00e9s de l\u2019ampleur du probl\u00e8me. Depuis l\u2019\u00e9poque coloniale jusqu\u2019\u00e0 Mobutu, Boende vivait de la culture du caoutchouc, de l\u2019h\u00e9v\u00e9a, du caf\u00e9, des palmeraies, du bois et du cacao. Aujourd\u2019hui, tout a compl\u00e9tement chang\u00e9. Les soci\u00e9t\u00e9s qui exploitaient ces ressources sont parties avec Mobutu ; plus personne n\u2019ach\u00e8te leurs productions. Les gens ne travaillent plus la terre par peur des voleurs et ils ne font plus la p\u00eache par peur de la sir\u00e8ne\u2026 La vie co\u00fbte plus cher qu\u2019\u00e0 Kinshasa.<br><\/p>\n\n\n\n<figure class=\"wp-block-image size-large\"><a href=\"http:\/\/www.kivuvu.net\/wordpress\/wp-content\/uploads\/2021\/01\/Une_vue_ae\u0301rienne_partielle_du_territoire_de_Boende_dans_la_province_de_lu2019Equateur_en_RD_Congo_15311732917-scaled.jpg\"><img loading=\"lazy\" decoding=\"async\" width=\"1024\" height=\"768\" src=\"http:\/\/www.kivuvu.net\/wordpress\/wp-content\/uploads\/2021\/01\/Une_vue_ae\u0301rienne_partielle_du_territoire_de_Boende_dans_la_province_de_lu2019Equateur_en_RD_Congo_15311732917-1024x768.jpg\" alt=\"\" class=\"wp-image-724\" srcset=\"http:\/\/www.kivuvu.net\/wordpress\/wp-content\/uploads\/2021\/01\/Une_vue_ae\u0301rienne_partielle_du_territoire_de_Boende_dans_la_province_de_lu2019Equateur_en_RD_Congo_15311732917-1024x768.jpg 1024w, http:\/\/www.kivuvu.net\/wordpress\/wp-content\/uploads\/2021\/01\/Une_vue_ae\u0301rienne_partielle_du_territoire_de_Boende_dans_la_province_de_lu2019Equateur_en_RD_Congo_15311732917-300x225.jpg 300w, http:\/\/www.kivuvu.net\/wordpress\/wp-content\/uploads\/2021\/01\/Une_vue_ae\u0301rienne_partielle_du_territoire_de_Boende_dans_la_province_de_lu2019Equateur_en_RD_Congo_15311732917-768x576.jpg 768w, http:\/\/www.kivuvu.net\/wordpress\/wp-content\/uploads\/2021\/01\/Une_vue_ae\u0301rienne_partielle_du_territoire_de_Boende_dans_la_province_de_lu2019Equateur_en_RD_Congo_15311732917-1536x1152.jpg 1536w, http:\/\/www.kivuvu.net\/wordpress\/wp-content\/uploads\/2021\/01\/Une_vue_ae\u0301rienne_partielle_du_territoire_de_Boende_dans_la_province_de_lu2019Equateur_en_RD_Congo_15311732917-2048x1536.jpg 2048w, http:\/\/www.kivuvu.net\/wordpress\/wp-content\/uploads\/2021\/01\/Une_vue_ae\u0301rienne_partielle_du_territoire_de_Boende_dans_la_province_de_lu2019Equateur_en_RD_Congo_15311732917-400x300.jpg 400w\" sizes=\"auto, (max-width: 1024px) 100vw, 1024px\" \/><\/a><figcaption class=\"wp-element-caption\">Vue a\u00e9rienne partielle du territoire de Boende (wikip\u00e9dia)<\/figcaption><\/figure>\n\n\n\n<p><strong>Activit\u00e9s 2019-2020<\/strong><br>Une trentaine des pasteurs et responsables d\u2019Eglises form\u00e9s sur l\u2019\u00e9vang\u00e9lisation holistique et le leadership serviteur de d\u00e9veloppement.<br>Une centaine des filles form\u00e9es sur diff\u00e9rents th\u00e8mes de soci\u00e9t\u00e9.<br>24 jeunes femmes form\u00e9es en m\u00e9tier de coupe couture et coiffure.<br>2 filles scolaris\u00e9es et 4 inscrites en alphab\u00e9tisation.<br>36 filles appuy\u00e9es en microcr\u00e9dits.<br>Plus de 8 hectares de terrain agricole acquis dont environ 5 hectares exploit\u00e9s (production du Manioc, soja et riz)<\/p>\n\n\n\n<figure class=\"wp-block-gallery has-nested-images columns-default is-cropped wp-block-gallery-1 is-layout-flex wp-block-gallery-is-layout-flex\">\n<figure class=\"wp-block-image size-large\"><a href=\"http:\/\/www.kivuvu.net\/wordpress\/wp-content\/uploads\/2021\/01\/001.jpg\"><img loading=\"lazy\" decoding=\"async\" width=\"1024\" height=\"768\" data-id=\"716\" src=\"http:\/\/www.kivuvu.net\/wordpress\/wp-content\/uploads\/2021\/01\/001-1024x768.jpg\" alt=\"\" class=\"wp-image-716\" srcset=\"http:\/\/www.kivuvu.net\/wordpress\/wp-content\/uploads\/2021\/01\/001-1024x768.jpg 1024w, http:\/\/www.kivuvu.net\/wordpress\/wp-content\/uploads\/2021\/01\/001-300x225.jpg 300w, http:\/\/www.kivuvu.net\/wordpress\/wp-content\/uploads\/2021\/01\/001-768x576.jpg 768w, http:\/\/www.kivuvu.net\/wordpress\/wp-content\/uploads\/2021\/01\/001-400x300.jpg 400w, http:\/\/www.kivuvu.net\/wordpress\/wp-content\/uploads\/2021\/01\/001.jpg 1040w\" sizes=\"auto, (max-width: 1024px) 100vw, 1024px\" \/><\/a><\/figure>\n\n\n\n<figure class=\"wp-block-image size-large\"><a href=\"http:\/\/www.kivuvu.net\/wordpress\/wp-content\/uploads\/2021\/01\/008.jpg\"><img loading=\"lazy\" decoding=\"async\" width=\"1024\" height=\"768\" data-id=\"715\" src=\"http:\/\/www.kivuvu.net\/wordpress\/wp-content\/uploads\/2021\/01\/008-1024x768.jpg\" alt=\"\" class=\"wp-image-715\" srcset=\"http:\/\/www.kivuvu.net\/wordpress\/wp-content\/uploads\/2021\/01\/008-1024x768.jpg 1024w, http:\/\/www.kivuvu.net\/wordpress\/wp-content\/uploads\/2021\/01\/008-300x225.jpg 300w, http:\/\/www.kivuvu.net\/wordpress\/wp-content\/uploads\/2021\/01\/008-768x576.jpg 768w, http:\/\/www.kivuvu.net\/wordpress\/wp-content\/uploads\/2021\/01\/008-400x300.jpg 400w, http:\/\/www.kivuvu.net\/wordpress\/wp-content\/uploads\/2021\/01\/008.jpg 1040w\" sizes=\"auto, (max-width: 1024px) 100vw, 1024px\" \/><\/a><\/figure>\n\n\n\n<figure class=\"wp-block-image size-large\"><a href=\"http:\/\/www.kivuvu.net\/wordpress\/wp-content\/uploads\/2021\/01\/seminaire1.jpg\"><img loading=\"lazy\" decoding=\"async\" width=\"1024\" height=\"768\" data-id=\"714\" src=\"http:\/\/www.kivuvu.net\/wordpress\/wp-content\/uploads\/2021\/01\/seminaire1-1024x768.jpg\" alt=\"\" class=\"wp-image-714\" srcset=\"http:\/\/www.kivuvu.net\/wordpress\/wp-content\/uploads\/2021\/01\/seminaire1-1024x768.jpg 1024w, http:\/\/www.kivuvu.net\/wordpress\/wp-content\/uploads\/2021\/01\/seminaire1-300x225.jpg 300w, http:\/\/www.kivuvu.net\/wordpress\/wp-content\/uploads\/2021\/01\/seminaire1-768x576.jpg 768w, http:\/\/www.kivuvu.net\/wordpress\/wp-content\/uploads\/2021\/01\/seminaire1-400x300.jpg 400w, http:\/\/www.kivuvu.net\/wordpress\/wp-content\/uploads\/2021\/01\/seminaire1.jpg 1040w\" sizes=\"auto, (max-width: 1024px) 100vw, 1024px\" \/><\/a><\/figure>\n\n\n\n<figure class=\"wp-block-image size-large\"><a href=\"http:\/\/www.kivuvu.net\/wordpress\/wp-content\/uploads\/2021\/01\/formation-couture.jpg\"><img loading=\"lazy\" decoding=\"async\" width=\"1024\" height=\"768\" data-id=\"713\" src=\"http:\/\/www.kivuvu.net\/wordpress\/wp-content\/uploads\/2021\/01\/formation-couture-1024x768.jpg\" alt=\"\" class=\"wp-image-713\" srcset=\"http:\/\/www.kivuvu.net\/wordpress\/wp-content\/uploads\/2021\/01\/formation-couture-1024x768.jpg 1024w, http:\/\/www.kivuvu.net\/wordpress\/wp-content\/uploads\/2021\/01\/formation-couture-300x225.jpg 300w, http:\/\/www.kivuvu.net\/wordpress\/wp-content\/uploads\/2021\/01\/formation-couture-768x576.jpg 768w, http:\/\/www.kivuvu.net\/wordpress\/wp-content\/uploads\/2021\/01\/formation-couture-400x300.jpg 400w, http:\/\/www.kivuvu.net\/wordpress\/wp-content\/uploads\/2021\/01\/formation-couture.jpg 1040w\" sizes=\"auto, (max-width: 1024px) 100vw, 1024px\" \/><\/a><\/figure>\n\n\n\n<figure class=\"wp-block-image size-large\"><a href=\"http:\/\/www.kivuvu.net\/wordpress\/wp-content\/uploads\/2021\/01\/anciennes.jpg\"><img loading=\"lazy\" decoding=\"async\" width=\"1024\" height=\"768\" data-id=\"711\" src=\"http:\/\/www.kivuvu.net\/wordpress\/wp-content\/uploads\/2021\/01\/anciennes-1024x768.jpg\" alt=\"\" class=\"wp-image-711\" srcset=\"http:\/\/www.kivuvu.net\/wordpress\/wp-content\/uploads\/2021\/01\/anciennes-1024x768.jpg 1024w, http:\/\/www.kivuvu.net\/wordpress\/wp-content\/uploads\/2021\/01\/anciennes-300x225.jpg 300w, http:\/\/www.kivuvu.net\/wordpress\/wp-content\/uploads\/2021\/01\/anciennes-768x576.jpg 768w, http:\/\/www.kivuvu.net\/wordpress\/wp-content\/uploads\/2021\/01\/anciennes-400x300.jpg 400w, http:\/\/www.kivuvu.net\/wordpress\/wp-content\/uploads\/2021\/01\/anciennes.jpg 1040w\" sizes=\"auto, (max-width: 1024px) 100vw, 1024px\" \/><\/a><\/figure>\n<\/figure>\n\n\n\n<p><a href=\"http:\/\/www.kivuvu.net\/wordpress\/wp-content\/uploads\/2021\/04\/Boende_voyage-2021.pdf\">Voyage \u00e0 Boende avril 2021<\/a><\/p>\n\n\n\n<p><a href=\"http:\/\/www.kivuvu.net\/wordpress\/wp-content\/uploads\/2023\/04\/Boende_voyage_2023_OK.pdf\">Voyage \u00e0 Boende avril 2023<\/a><\/p>\n\n\n\n<p><\/p>\n\n\n\n<p><\/p>\n\n\n\n<p><\/p>\n\n\n\n<p><\/p>\n\n\n\n<p><\/p>\n","protected":false},"excerpt":{"rendered":"<p>Bref historique et descriptif du projetLa situation de la femme et de l\u2019enfant en R\u00e9publique D\u00e9mocratique du Congo (RDC) demeure pr\u00e9occupante du fait de leur vuln\u00e9rabilit\u00e9.La protection de ce groupe et l\u2019am\u00e9lioration de leur cadre de vie est un devoir &hellip; <a href=\"http:\/\/www.kivuvu.net\/wordpress\/?page_id=703\">Continuer la lecture <span class=\"meta-nav\">&rarr;<\/span><\/a><\/p>\n","protected":false},"author":1,"featured_media":0,"parent":0,"menu_order":0,"comment_status":"closed","ping_status":"closed","template":"","meta":{"footnotes":""},"class_list":["post-703","page","type-page","status-publish","hentry"],"_links":{"self":[{"href":"http:\/\/www.kivuvu.net\/wordpress\/index.php?rest_route=\/wp\/v2\/pages\/703","targetHints":{"allow":["GET"]}}],"collection":[{"href":"http:\/\/www.kivuvu.net\/wordpress\/index.php?rest_route=\/wp\/v2\/pages"}],"about":[{"href":"http:\/\/www.kivuvu.net\/wordpress\/index.php?rest_route=\/wp\/v2\/types\/page"}],"author":[{"embeddable":true,"href":"http:\/\/www.kivuvu.net\/wordpress\/index.php?rest_route=\/wp\/v2\/users\/1"}],"replies":[{"embeddable":true,"href":"http:\/\/www.kivuvu.net\/wordpress\/index.php?rest_route=%2Fwp%2Fv2%2Fcomments&post=703"}],"version-history":[{"count":15,"href":"http:\/\/www.kivuvu.net\/wordpress\/index.php?rest_route=\/wp\/v2\/pages\/703\/revisions"}],"predecessor-version":[{"id":808,"href":"http:\/\/www.kivuvu.net\/wordpress\/index.php?rest_route=\/wp\/v2\/pages\/703\/revisions\/808"}],"wp:attachment":[{"href":"http:\/\/www.kivuvu.net\/wordpress\/index.php?rest_route=%2Fwp%2Fv2%2Fmedia&parent=703"}],"curies":[{"name":"wp","href":"https:\/\/api.w.org\/{rel}","templated":true}]}}