{"id":66,"date":"2012-07-15T20:16:58","date_gmt":"2012-07-15T20:16:58","guid":{"rendered":"http:\/\/www.kivuvu.net\/wordpress\/?page_id=66"},"modified":"2020-03-09T14:05:28","modified_gmt":"2020-03-09T14:05:28","slug":"la-maison-de-lespoir","status":"publish","type":"page","link":"http:\/\/www.kivuvu.net\/wordpress\/?page_id=66","title":{"rendered":"La Maison de l&rsquo;Espoir"},"content":{"rendered":"<p><a href=\"http:\/\/www.kivuvu.net\/wordpress\/wp-content\/uploads\/2018\/08\/Maison-de-lEspoir.jpg\"><img loading=\"lazy\" decoding=\"async\" class=\"wp-image-584 alignleft\" title=\"Maison de l'Espoir\" src=\"http:\/\/www.kivuvu.net\/wordpress\/wp-content\/uploads\/2018\/08\/Maison-de-lEspoir.jpg\" alt=\"\" width=\"290\" height=\"476\" \/><\/a>Cette maison a \u00e9t\u00e9 ouverte en septembre 2007. Elle accueille 45 gar\u00e7ons \u00e2g\u00e9s de 7 \u00e0 20 ans. Ces enfants et jeunes qui vivaient dans la rue, ont g\u00e9n\u00e9ralement v\u00e9cu une p\u00e9riode de transition dans un centre en milieu ouvert ou ailleurs pour ensuite int\u00e9grer cette maison.<\/p>\n<div>\n<div>\n<div>\n<div>\n<p>Ce lieu d\u2019accueil leur permet de pourvoir \u00e0 leurs besoins essentiels (nourriture, logement dans de bonnes conditions, v\u00eatements, scolarisation, encadrement) et de s\u2019ins\u00e9rer dans la vie sociale de leur pays, afin de pouvoir construire leur avenir et de trouver une place dans la soci\u00e9t\u00e9. Ils sont encadr\u00e9s par de nombreux \u00e9ducateurs et des cuisini\u00e8res qui se relayent pour les accompagner dans leur vie quotidienne et pour r\u00e9pondre \u00e0 leurs besoins. Il s&rsquo;agit d&rsquo;un travail difficile caract\u00e9ris\u00e9 pour beaucoup de ces jeunes par des p\u00e9riodes de crises et de rechutes. Certains s&rsquo;en sortent bien et obtiennent des r\u00e9sultats scolaires r\u00e9jouissants. Quelques-uns ont m\u00eame obtenu leur bac. Depuis peu, deux de ceux jeunes ont pu entamer une formation de niveau sup\u00e9rieur.<\/p>\n<p><a href=\"http:\/\/www.kivuvu.net\/wordpress\/wp-content\/uploads\/2020\/03\/ME1-scaled.jpg\"><img loading=\"lazy\" decoding=\"async\" class=\"alignright  wp-image-685\" src=\"http:\/\/www.kivuvu.net\/wordpress\/wp-content\/uploads\/2020\/03\/ME1-1024x683.jpg\" alt=\"\" width=\"349\" height=\"235\" \/><\/a> <a href=\"http:\/\/www.kivuvu.net\/wordpress\/wp-content\/uploads\/2020\/03\/ME2-scaled.jpg\"><img loading=\"lazy\" decoding=\"async\" class=\"wp-image-686 alignleft\" src=\"http:\/\/www.kivuvu.net\/wordpress\/wp-content\/uploads\/2020\/03\/ME2-1024x683.jpg\" alt=\"\" width=\"374\" height=\"252\" \/><\/a> <a href=\"http:\/\/www.kivuvu.net\/wordpress\/wp-content\/uploads\/2020\/03\/ME3-scaled.jpg\"><img loading=\"lazy\" decoding=\"async\" class=\"alignright  wp-image-687\" src=\"http:\/\/www.kivuvu.net\/wordpress\/wp-content\/uploads\/2020\/03\/ME3-1024x683.jpg\" alt=\"\" width=\"394\" height=\"266\" \/><\/a> <a href=\"http:\/\/www.kivuvu.net\/wordpress\/wp-content\/uploads\/2020\/03\/ME4-scaled.jpg\"><img loading=\"lazy\" decoding=\"async\" class=\"wp-image-688 alignleft\" src=\"http:\/\/www.kivuvu.net\/wordpress\/wp-content\/uploads\/2020\/03\/ME4-1024x683.jpg\" alt=\"\" width=\"390\" height=\"265\" \/><\/a> <a href=\"http:\/\/www.kivuvu.net\/wordpress\/wp-content\/uploads\/2020\/03\/ME5-scaled.jpg\"><img loading=\"lazy\" decoding=\"async\" class=\"wp-image-689 aligncenter\" src=\"http:\/\/www.kivuvu.net\/wordpress\/wp-content\/uploads\/2020\/03\/ME5-1024x683.jpg\" alt=\"\" width=\"490\" height=\"331\" \/><\/a><\/p>\n<\/div>\n<\/div>\n<\/div>\n<\/div>\n","protected":false},"excerpt":{"rendered":"<p>Cette maison a \u00e9t\u00e9 ouverte en septembre 2007. Elle accueille 45 gar\u00e7ons \u00e2g\u00e9s de 7 \u00e0 20 ans. Ces enfants et jeunes qui vivaient dans la rue, ont g\u00e9n\u00e9ralement v\u00e9cu une p\u00e9riode de transition dans un centre en milieu ouvert &hellip; <a href=\"http:\/\/www.kivuvu.net\/wordpress\/?page_id=66\">Continuer la lecture <span class=\"meta-nav\">&rarr;<\/span><\/a><\/p>\n","protected":false},"author":1,"featured_media":0,"parent":0,"menu_order":0,"comment_status":"closed","ping_status":"closed","template":"","meta":{"footnotes":""},"class_list":["post-66","page","type-page","status-publish","hentry"],"_links":{"self":[{"href":"http:\/\/www.kivuvu.net\/wordpress\/index.php?rest_route=\/wp\/v2\/pages\/66","targetHints":{"allow":["GET"]}}],"collection":[{"href":"http:\/\/www.kivuvu.net\/wordpress\/index.php?rest_route=\/wp\/v2\/pages"}],"about":[{"href":"http:\/\/www.kivuvu.net\/wordpress\/index.php?rest_route=\/wp\/v2\/types\/page"}],"author":[{"embeddable":true,"href":"http:\/\/www.kivuvu.net\/wordpress\/index.php?rest_route=\/wp\/v2\/users\/1"}],"replies":[{"embeddable":true,"href":"http:\/\/www.kivuvu.net\/wordpress\/index.php?rest_route=%2Fwp%2Fv2%2Fcomments&post=66"}],"version-history":[{"count":21,"href":"http:\/\/www.kivuvu.net\/wordpress\/index.php?rest_route=\/wp\/v2\/pages\/66\/revisions"}],"predecessor-version":[{"id":693,"href":"http:\/\/www.kivuvu.net\/wordpress\/index.php?rest_route=\/wp\/v2\/pages\/66\/revisions\/693"}],"wp:attachment":[{"href":"http:\/\/www.kivuvu.net\/wordpress\/index.php?rest_route=%2Fwp%2Fv2%2Fmedia&parent=66"}],"curies":[{"name":"wp","href":"https:\/\/api.w.org\/{rel}","templated":true}]}}