{"id":39,"date":"2012-07-15T19:34:53","date_gmt":"2012-07-15T19:34:53","guid":{"rendered":"http:\/\/www.kivuvu.net\/wordpress\/?page_id=39"},"modified":"2025-09-27T13:43:04","modified_gmt":"2025-09-27T13:43:04","slug":"association-kivuvu","status":"publish","type":"page","link":"http:\/\/www.kivuvu.net\/wordpress\/","title":{"rendered":"Accueil"},"content":{"rendered":"\n<p><a href=\"http:\/\/www.kivuvu.net\/wordpress\/wp-content\/uploads\/2025\/04\/Invitation-ok.pdf\">L&rsquo;association f\u00eate ses 20 ans<\/a> (t\u00e9l\u00e9charger le flyer)<\/p>\n\n\n\n<p>L\u2019Association Kivuvu, \u00ab espoir \u00bb en kituba, s\u2019engage en faveur des enfants des rues et des femmes prostitu\u00e9es de Kinshasa en R\u00e9publique D\u00e9mocratique du Congo. Bas\u00e9e sur des valeurs chr\u00e9tiennes, elle soutient en particulier l&rsquo;ensemble du travail de \u00ab Bana ya Kivuvu \u00bb qui sera pr\u00e9sent\u00e9 ult\u00e9rieurement dans ce site.<\/p>\n\n\n<div class=\"wp-block-image\">\n<figure class=\"alignright\"><a href=\"http:\/\/www.kivuvu.net\/wordpress\/wp-content\/uploads\/2012\/07\/Maison-espoir.jpg\"><img loading=\"lazy\" decoding=\"async\" width=\"1024\" height=\"683\" src=\"http:\/\/www.kivuvu.net\/wordpress\/wp-content\/uploads\/2012\/07\/Maison-espoir-1024x683.jpg\" alt=\"\" class=\"wp-image-493\" title=\"Maison espoir\" srcset=\"http:\/\/www.kivuvu.net\/wordpress\/wp-content\/uploads\/2012\/07\/Maison-espoir-1024x683.jpg 1024w, http:\/\/www.kivuvu.net\/wordpress\/wp-content\/uploads\/2012\/07\/Maison-espoir-300x200.jpg 300w, http:\/\/www.kivuvu.net\/wordpress\/wp-content\/uploads\/2012\/07\/Maison-espoir-449x300.jpg 449w\" sizes=\"auto, (max-width: 1024px) 100vw, 1024px\" \/><\/a><\/figure><\/div>\n\n\n<div>\n<p>Notre association, sans but lucratif, a \u00e9t\u00e9 cr\u00e9\u00e9e en 2005 au sens des art. 60 \u00e0 79 du Code civil suisse. En date du 29 mai 2008, notre association a \u00e9t\u00e9 reconnue de pure utilit\u00e9 publique par les autorit\u00e9s du Canton de Vaud (CH).<\/p>\n<p>Nos membres ont \u00e0 c\u0153ur un travail d\u2019entraide et de r\u00e9insertion sociale parmi les plus d\u00e9munis. En devenant membres, ils acceptent les statuts de l\u2019association qui donnent toutes les pr\u00e9cisions utiles sur le but et le fonctionnement de cette derni\u00e8re. Un comit\u00e9 de cinq personnes organise les diff\u00e9rentes activit\u00e9s et se charge en particulier de faire conna\u00eetre les besoins recens\u00e9s \u00e0 Kinshasa parmi la population vis\u00e9e (enfants des rues et femmes prostitu\u00e9es)&nbsp;et de la r\u00e9colte de fonds. Une assembl\u00e9e g\u00e9n\u00e9rale annuelle pr\u00e9side \u00e0 l\u2019organisation et la mise en \u0153uvre de l\u2019ensemble des activit\u00e9s.<\/p>\n<div>\n<p>Les ressources de l\u2019association proviennent de dons, de parrainages, de legs, de b\u00e9n\u00e9fices r\u00e9alis\u00e9s lors de manifestations sp\u00e9ciales, du soutien d\u2019\u00e9glises et d\u2019organisations priv\u00e9es et publiques. En outre, les membres versent une cotisation annuelle de CHF 20.-.<\/p>\n<p>La totalit\u00e9 des revenus, apr\u00e8s d\u00e9duction des seuls frais administratifs, est destin\u00e9e au travail effectu\u00e9 sur le terrain et \u00e0 couvrir d\u2019\u00e9ventuelles d\u00e9penses indirectes (p.ex. frais d\u2019envoi de mat\u00e9riel, etc.). Le soutien financier qui est transmis r\u00e9guli\u00e8rement \u00e0 Kinshasa concerne principalement deux postes :<\/p>\n<ol>\n<li>Participation aux charges salariales des collaborateurs(trices);<\/li>\n<li>Versement de parrainages pour les enfants (soutien personnalis\u00e9 par des &nbsp; &nbsp; &nbsp; &nbsp; &nbsp; &nbsp; \u00ab parrains \u00bb et \u00ab marraines \u00bb d\u2019Europe).<\/li>\n<\/ol>\n<\/div>\n<\/div>\n\n\n\n<p>Parfois des dons peuvent \u00eatre aussi affect\u00e9s \u00e0 d&rsquo;autres fins : constructions, achat v\u00e9hicules utilitaires etc&#8230; si pr\u00e9cis\u00e9 par le donateur.<\/p>\n\n\n\n<p><\/p>\n\n\n\n<p><\/p>\n","protected":false},"excerpt":{"rendered":"<p>L&rsquo;association f\u00eate ses 20 ans (t\u00e9l\u00e9charger le flyer) L\u2019Association Kivuvu, \u00ab espoir \u00bb en kituba, s\u2019engage en faveur des enfants des rues et des femmes prostitu\u00e9es de Kinshasa en R\u00e9publique D\u00e9mocratique du Congo. Bas\u00e9e sur des valeurs chr\u00e9tiennes, elle soutient &hellip; <a href=\"http:\/\/www.kivuvu.net\/wordpress\/\">Continuer la lecture <span class=\"meta-nav\">&rarr;<\/span><\/a><\/p>\n","protected":false},"author":1,"featured_media":671,"parent":0,"menu_order":0,"comment_status":"closed","ping_status":"open","template":"","meta":{"footnotes":""},"class_list":["post-39","page","type-page","status-publish","has-post-thumbnail","hentry"],"_links":{"self":[{"href":"http:\/\/www.kivuvu.net\/wordpress\/index.php?rest_route=\/wp\/v2\/pages\/39","targetHints":{"allow":["GET"]}}],"collection":[{"href":"http:\/\/www.kivuvu.net\/wordpress\/index.php?rest_route=\/wp\/v2\/pages"}],"about":[{"href":"http:\/\/www.kivuvu.net\/wordpress\/index.php?rest_route=\/wp\/v2\/types\/page"}],"author":[{"embeddable":true,"href":"http:\/\/www.kivuvu.net\/wordpress\/index.php?rest_route=\/wp\/v2\/users\/1"}],"replies":[{"embeddable":true,"href":"http:\/\/www.kivuvu.net\/wordpress\/index.php?rest_route=%2Fwp%2Fv2%2Fcomments&post=39"}],"version-history":[{"count":51,"href":"http:\/\/www.kivuvu.net\/wordpress\/index.php?rest_route=\/wp\/v2\/pages\/39\/revisions"}],"predecessor-version":[{"id":898,"href":"http:\/\/www.kivuvu.net\/wordpress\/index.php?rest_route=\/wp\/v2\/pages\/39\/revisions\/898"}],"wp:featuredmedia":[{"embeddable":true,"href":"http:\/\/www.kivuvu.net\/wordpress\/index.php?rest_route=\/wp\/v2\/media\/671"}],"wp:attachment":[{"href":"http:\/\/www.kivuvu.net\/wordpress\/index.php?rest_route=%2Fwp%2Fv2%2Fmedia&parent=39"}],"curies":[{"name":"wp","href":"https:\/\/api.w.org\/{rel}","templated":true}]}}