{"id":27,"date":"2012-07-12T09:22:30","date_gmt":"2012-07-12T09:22:30","guid":{"rendered":"http:\/\/www.kivuvu.net\/wordpress\/?page_id=27"},"modified":"2020-01-13T14:27:47","modified_gmt":"2020-01-13T14:27:47","slug":"la-maison-de-bakole","status":"publish","type":"page","link":"http:\/\/www.kivuvu.net\/wordpress\/?page_id=27","title":{"rendered":"La Maison de Bakole"},"content":{"rendered":"<p><a href=\"http:\/\/www.kivuvu.net\/wordpress\/wp-content\/uploads\/2012\/07\/Bakol\u00e9-page-6.jpg\"><br \/>\n<\/a><a href=\"http:\/\/www.kivuvu.net\/wordpress\/wp-content\/uploads\/2019\/09\/Bakole_2.jpg\"><img loading=\"lazy\" decoding=\"async\" class=\"alignright wp-image-652 \" title=\"Bakol\u00e9;-page-6\" src=\"http:\/\/www.kivuvu.net\/wordpress\/wp-content\/uploads\/2019\/09\/Bakole_2.jpg\" alt=\"\" width=\"320\" height=\"279\" srcset=\"http:\/\/www.kivuvu.net\/wordpress\/wp-content\/uploads\/2019\/09\/Bakole_2.jpg 631w, http:\/\/www.kivuvu.net\/wordpress\/wp-content\/uploads\/2019\/09\/Bakole_2-300x261.jpg 300w, http:\/\/www.kivuvu.net\/wordpress\/wp-content\/uploads\/2019\/09\/Bakole_2-345x300.jpg 345w\" sizes=\"auto, (max-width: 320px) 100vw, 320px\" \/><\/a>Ce centre d\u2019accueil a \u00e9t\u00e9 ouvert en 2006.\u00a0Il accueille une vingtaine d\u2019enfants (filles et gar\u00e7ons) depuis leur naissance jusqu\u2019\u00e0 leur majorit\u00e9. Ils sont orphelins ou totalement abandonn\u00e9s par leurs familles. Mais ces enfants n\u2019ont pas v\u00e9cu dans la rue. Ils sont encadr\u00e9s par un couple qui vit sur place ainsi que par du personnel de cuisine, d\u2019entretien de la maison et d\u2019\u00e9ducateurs. D\u00e8s qu\u2019ils en ont l\u2019\u00e2ge, ils sont scolaris\u00e9s. Un des buts principaux est d\u2019offrir \u00e0 ces enfants un environnement familial.<\/p>\n<p><em><strong><a href=\"http:\/\/www.kivuvu.net\/wordpress\/wp-content\/uploads\/2019\/09\/Bakole_1.jpg\"><img loading=\"lazy\" decoding=\"async\" class=\"wp-image-643  aligncenter\" title=\"enfants Bakole\" src=\"http:\/\/www.kivuvu.net\/wordpress\/wp-content\/uploads\/2019\/09\/Bakole_1-835x1024.jpg\" alt=\"\" width=\"405\" height=\"495\" \/><\/a><\/strong><\/em>Quelques enfants parmi les plus petits ont trouv\u00e9 des familles d\u2019accueil qui les adoptent. Bana ya Kivuvu cherche activement \u00e0 trouver des parents qui les adoptent et leur offrent un cadre de vie heureux et s\u00e9curisant. Une adoption, avec int\u00e9gration de l\u2019enfant concern\u00e9 dans une famille, permet \u00e0 un nouvel enfant d\u2019\u00eatre accueilli dans le centre.<\/p>\n<p><a href=\"http:\/\/www.kivuvu.net\/wordpress\/wp-content\/uploads\/2020\/01\/Bakole_maison2.jpg\"><img loading=\"lazy\" decoding=\"async\" class=\"wp-image-663 alignleft\" src=\"http:\/\/www.kivuvu.net\/wordpress\/wp-content\/uploads\/2020\/01\/Bakole_maison2-1024x683.jpg\" alt=\"\" width=\"380\" height=\"256\" \/><\/a> <a href=\"http:\/\/www.kivuvu.net\/wordpress\/wp-content\/uploads\/2020\/01\/Bakole_maison1.jpg\"><img loading=\"lazy\" decoding=\"async\" class=\"wp-image-662 alignright\" src=\"http:\/\/www.kivuvu.net\/wordpress\/wp-content\/uploads\/2020\/01\/Bakole_maison1-1024x683.jpg\" alt=\"\" width=\"378\" height=\"255\" \/><\/a> <a href=\"http:\/\/www.kivuvu.net\/wordpress\/wp-content\/uploads\/2020\/01\/Bakole_jeux_ballon.jpg\"><img loading=\"lazy\" decoding=\"async\" class=\"alignright size-large wp-image-661\" src=\"http:\/\/www.kivuvu.net\/wordpress\/wp-content\/uploads\/2020\/01\/Bakole_jeux_ballon-1024x683.jpg\" alt=\"\" width=\"584\" height=\"390\" srcset=\"http:\/\/www.kivuvu.net\/wordpress\/wp-content\/uploads\/2020\/01\/Bakole_jeux_ballon-1024x683.jpg 1024w, http:\/\/www.kivuvu.net\/wordpress\/wp-content\/uploads\/2020\/01\/Bakole_jeux_ballon-300x200.jpg 300w, http:\/\/www.kivuvu.net\/wordpress\/wp-content\/uploads\/2020\/01\/Bakole_jeux_ballon-768x512.jpg 768w, http:\/\/www.kivuvu.net\/wordpress\/wp-content\/uploads\/2020\/01\/Bakole_jeux_ballon-450x300.jpg 450w\" sizes=\"auto, (max-width: 584px) 100vw, 584px\" \/><\/a> <a href=\"http:\/\/www.kivuvu.net\/wordpress\/wp-content\/uploads\/2020\/01\/Bakole_jeu_puissance4.jpg\"><img loading=\"lazy\" decoding=\"async\" class=\"alignright size-large wp-image-660\" src=\"http:\/\/www.kivuvu.net\/wordpress\/wp-content\/uploads\/2020\/01\/Bakole_jeu_puissance4-1024x683.jpg\" alt=\"\" width=\"584\" height=\"390\" srcset=\"http:\/\/www.kivuvu.net\/wordpress\/wp-content\/uploads\/2020\/01\/Bakole_jeu_puissance4-1024x683.jpg 1024w, http:\/\/www.kivuvu.net\/wordpress\/wp-content\/uploads\/2020\/01\/Bakole_jeu_puissance4-300x200.jpg 300w, http:\/\/www.kivuvu.net\/wordpress\/wp-content\/uploads\/2020\/01\/Bakole_jeu_puissance4-768x512.jpg 768w, http:\/\/www.kivuvu.net\/wordpress\/wp-content\/uploads\/2020\/01\/Bakole_jeu_puissance4-450x300.jpg 450w\" sizes=\"auto, (max-width: 584px) 100vw, 584px\" \/><\/a><\/p>\n","protected":false},"excerpt":{"rendered":"<p>Ce centre d\u2019accueil a \u00e9t\u00e9 ouvert en 2006.\u00a0Il accueille une vingtaine d\u2019enfants (filles et gar\u00e7ons) depuis leur naissance jusqu\u2019\u00e0 leur majorit\u00e9. Ils sont orphelins ou totalement abandonn\u00e9s par leurs familles. Mais ces enfants n\u2019ont pas v\u00e9cu dans la rue. Ils &hellip; <a href=\"http:\/\/www.kivuvu.net\/wordpress\/?page_id=27\">Continuer la lecture <span class=\"meta-nav\">&rarr;<\/span><\/a><\/p>\n","protected":false},"author":1,"featured_media":0,"parent":0,"menu_order":0,"comment_status":"closed","ping_status":"open","template":"","meta":{"footnotes":""},"class_list":["post-27","page","type-page","status-publish","hentry"],"_links":{"self":[{"href":"http:\/\/www.kivuvu.net\/wordpress\/index.php?rest_route=\/wp\/v2\/pages\/27","targetHints":{"allow":["GET"]}}],"collection":[{"href":"http:\/\/www.kivuvu.net\/wordpress\/index.php?rest_route=\/wp\/v2\/pages"}],"about":[{"href":"http:\/\/www.kivuvu.net\/wordpress\/index.php?rest_route=\/wp\/v2\/types\/page"}],"author":[{"embeddable":true,"href":"http:\/\/www.kivuvu.net\/wordpress\/index.php?rest_route=\/wp\/v2\/users\/1"}],"replies":[{"embeddable":true,"href":"http:\/\/www.kivuvu.net\/wordpress\/index.php?rest_route=%2Fwp%2Fv2%2Fcomments&post=27"}],"version-history":[{"count":27,"href":"http:\/\/www.kivuvu.net\/wordpress\/index.php?rest_route=\/wp\/v2\/pages\/27\/revisions"}],"predecessor-version":[{"id":670,"href":"http:\/\/www.kivuvu.net\/wordpress\/index.php?rest_route=\/wp\/v2\/pages\/27\/revisions\/670"}],"wp:attachment":[{"href":"http:\/\/www.kivuvu.net\/wordpress\/index.php?rest_route=%2Fwp%2Fv2%2Fmedia&parent=27"}],"curies":[{"name":"wp","href":"https:\/\/api.w.org\/{rel}","templated":true}]}}