{"id":22,"date":"2012-06-26T04:54:38","date_gmt":"2012-06-26T04:54:38","guid":{"rendered":"http:\/\/www.kivuvu.net\/wordpress\/?page_id=22"},"modified":"2020-03-02T16:32:52","modified_gmt":"2020-03-02T16:32:52","slug":"bongwana-ya-mozindo-transformation-profonde","status":"publish","type":"page","link":"http:\/\/www.kivuvu.net\/wordpress\/?page_id=22","title":{"rendered":"Bongwana ya Mozindo"},"content":{"rendered":"<p>Cette activit\u00e9 est tourn\u00e9e vers les femmes prostitu\u00e9es de la ville de Kinshasa. Ces femmes sortent presque toutes de milieux extr\u00eamement pauvres tels que des bidonvilles. Un suivi et un accompagnement spirituel s\u2019effectuent directement dans les quartiers de ces femmes.<br \/>\nSi elles sont d\u00e9termin\u00e9es \u00e0 changer de vie, certaines femmes sont accueillies dans la maison de l\u2019association (Bomo) o\u00f9 elles sont h\u00e9berg\u00e9es pendant une p\u00e9riode d\u2019un an afin d\u2019apprendre \u00e0 vivre sur de nouvelles bases. Chaque ann\u00e9e, une douzaine de femmes peuvent ainsi b\u00e9n\u00e9ficier d&rsquo;un accompagnement spirituel et pratique. Elles suivent des cours d&rsquo;alphab\u00e9tisation en fran\u00e7ais et en linguale (langue du pays). L&rsquo;enseignement qui leur est offert couvre divers volets et en particulier une formation professionnelle dans la couture et autres travaux manuels.<br \/>\n<a href=\"http:\/\/www.kivuvu.net\/wordpress\/wp-content\/uploads\/2020\/03\/Bomo2.jpg\"><img loading=\"lazy\" decoding=\"async\" class=\"alignright size-large wp-image-682\" src=\"http:\/\/www.kivuvu.net\/wordpress\/wp-content\/uploads\/2020\/03\/Bomo2-1024x682.jpg\" alt=\"\" width=\"584\" height=\"389\" srcset=\"http:\/\/www.kivuvu.net\/wordpress\/wp-content\/uploads\/2020\/03\/Bomo2.jpg 1024w, http:\/\/www.kivuvu.net\/wordpress\/wp-content\/uploads\/2020\/03\/Bomo2-300x200.jpg 300w, http:\/\/www.kivuvu.net\/wordpress\/wp-content\/uploads\/2020\/03\/Bomo2-768x512.jpg 768w, http:\/\/www.kivuvu.net\/wordpress\/wp-content\/uploads\/2020\/03\/Bomo2-450x300.jpg 450w\" sizes=\"auto, (max-width: 584px) 100vw, 584px\" \/><\/a><\/p>\n<p>Au terme de ces sessions qui durent une ann\u00e9e, ces femmes retrouvent g\u00e9n\u00e9ralement une vie nouvelle, normale. A leur d\u00e9part, l\u2019association leur remet une machine \u00e0 coudre, ce qui leur permet de subvenir \u00e0 leurs besoins et d\u2019avoir ainsi un gagne-pain qui les conduit loin de leur ancienne vie.<br \/>\n<a href=\"http:\/\/www.kivuvu.net\/wordpress\/wp-content\/uploads\/2020\/03\/Bomo1.jpg\"><img loading=\"lazy\" decoding=\"async\" class=\"alignright size-large wp-image-681\" src=\"http:\/\/www.kivuvu.net\/wordpress\/wp-content\/uploads\/2020\/03\/Bomo1-1024x682.jpg\" alt=\"\" width=\"584\" height=\"389\" srcset=\"http:\/\/www.kivuvu.net\/wordpress\/wp-content\/uploads\/2020\/03\/Bomo1.jpg 1024w, http:\/\/www.kivuvu.net\/wordpress\/wp-content\/uploads\/2020\/03\/Bomo1-300x200.jpg 300w, http:\/\/www.kivuvu.net\/wordpress\/wp-content\/uploads\/2020\/03\/Bomo1-768x512.jpg 768w, http:\/\/www.kivuvu.net\/wordpress\/wp-content\/uploads\/2020\/03\/Bomo1-450x300.jpg 450w\" sizes=\"auto, (max-width: 584px) 100vw, 584px\" \/><\/a><\/p>\n","protected":false},"excerpt":{"rendered":"<p>Cette activit\u00e9 est tourn\u00e9e vers les femmes prostitu\u00e9es de la ville de Kinshasa. Ces femmes sortent presque toutes de milieux extr\u00eamement pauvres tels que des bidonvilles. Un suivi et un accompagnement spirituel s\u2019effectuent directement dans les quartiers de ces femmes. &hellip; <a href=\"http:\/\/www.kivuvu.net\/wordpress\/?page_id=22\">Continuer la lecture <span class=\"meta-nav\">&rarr;<\/span><\/a><\/p>\n","protected":false},"author":1,"featured_media":0,"parent":0,"menu_order":0,"comment_status":"closed","ping_status":"open","template":"","meta":{"footnotes":""},"class_list":["post-22","page","type-page","status-publish","hentry"],"_links":{"self":[{"href":"http:\/\/www.kivuvu.net\/wordpress\/index.php?rest_route=\/wp\/v2\/pages\/22","targetHints":{"allow":["GET"]}}],"collection":[{"href":"http:\/\/www.kivuvu.net\/wordpress\/index.php?rest_route=\/wp\/v2\/pages"}],"about":[{"href":"http:\/\/www.kivuvu.net\/wordpress\/index.php?rest_route=\/wp\/v2\/types\/page"}],"author":[{"embeddable":true,"href":"http:\/\/www.kivuvu.net\/wordpress\/index.php?rest_route=\/wp\/v2\/users\/1"}],"replies":[{"embeddable":true,"href":"http:\/\/www.kivuvu.net\/wordpress\/index.php?rest_route=%2Fwp%2Fv2%2Fcomments&post=22"}],"version-history":[{"count":15,"href":"http:\/\/www.kivuvu.net\/wordpress\/index.php?rest_route=\/wp\/v2\/pages\/22\/revisions"}],"predecessor-version":[{"id":684,"href":"http:\/\/www.kivuvu.net\/wordpress\/index.php?rest_route=\/wp\/v2\/pages\/22\/revisions\/684"}],"wp:attachment":[{"href":"http:\/\/www.kivuvu.net\/wordpress\/index.php?rest_route=%2Fwp%2Fv2%2Fmedia&parent=22"}],"curies":[{"name":"wp","href":"https:\/\/api.w.org\/{rel}","templated":true}]}}