{"id":198,"date":"2012-07-16T10:58:49","date_gmt":"2012-07-16T10:58:49","guid":{"rendered":"http:\/\/www.kivuvu.net\/wordpress\/?page_id=198"},"modified":"2024-12-24T06:59:42","modified_gmt":"2024-12-24T06:59:42","slug":"nouvelles-de-kinshasa","status":"publish","type":"page","link":"http:\/\/www.kivuvu.net\/wordpress\/?page_id=198","title":{"rendered":"Nouvelles de Kinshasa"},"content":{"rendered":"\n<p><strong><a href=\"http:\/\/www.kivuvu.net\/wordpress\/wp-content\/uploads\/2024\/12\/Lettre-circulaire-72.pdf\">Lettre circulaire 72 (d\u00e9cembre 2024)<\/a><\/strong><\/p>\n\n\n\n<p><strong><a href=\"http:\/\/www.kivuvu.net\/wordpress\/wp-content\/uploads\/2024\/09\/Voyage-Goma.2.pdf\">Solidarit\u00e9 pour Goma 2\u00e8me voyage<\/a><\/strong><\/p>\n\n\n\n<p><strong><a href=\"http:\/\/www.kivuvu.net\/wordpress\/wp-content\/uploads\/2024\/09\/Voyage-Goma.pdf\">Solidarit\u00e9 pour Goma 1er voyage<\/a><\/strong><\/p>\n\n\n\n<p><strong><a href=\"http:\/\/www.kivuvu.net\/wordpress\/wp-content\/uploads\/2024\/09\/Lettre-circulaire-71.pdf\">Lettre circulaire 71 (juin 2024<\/a><\/strong>)<\/p>\n\n\n\n<p><strong><a href=\"http:\/\/www.kivuvu.net\/wordpress\/wp-content\/uploads\/2023\/10\/Lettre-circulaire-70.pdf\">Lettre circulaire 70 (octobre 2023<\/a><\/strong>)<\/p>\n\n\n\n<p><strong><a href=\"http:\/\/www.kivuvu.net\/wordpress\/wp-content\/uploads\/2023\/03\/Lettre-circulaire-69.pdf\">Lettre circulaire 69 (novembre 2022)<\/a><\/strong><\/p>\n\n\n\n<p><strong><a href=\"http:\/\/www.kivuvu.net\/wordpress\/wp-content\/uploads\/2023\/03\/Lettre-circulaire-68.pdf\">Lettre circulaire 68 (juin 2022)<\/a><\/strong><\/p>\n\n\n\n<p><a href=\"http:\/\/www.kivuvu.net\/wordpress\/wp-content\/uploads\/2021\/11\/Lettre-circulaire-67.pdf\" data-type=\"URL\" data-id=\"http:\/\/www.kivuvu.net\/wordpress\/wp-content\/uploads\/2021\/11\/Lettre-circulaire-67.pdf\">Lettre circulaire 67 (Novembre 2021)<\/a><\/p>\n\n\n\n<p><a href=\"http:\/\/www.kivuvu.net\/wordpress\/wp-content\/uploads\/2021\/04\/Lettre-circulaire-66.pdf\">Lettre circulaire 66 (D\u00e9cembre 2020)<\/a><\/p>\n\n\n\n<p><a href=\"http:\/\/www.kivuvu.net\/wordpress\/wp-content\/uploads\/2021\/04\/Lettre-circulaire-65.pdf\">Lettre circulaire 65 (Juin 2020)<\/a><\/p>\n\n\n\n<p><a href=\"http:\/\/www.kivuvu.net\/wordpress\/wp-content\/uploads\/2021\/04\/Lettre-circulaire-64.pdf\">Lettre circulaire 64 (Novembre 2019)<\/a><\/p>\n\n\n<p><a href=\"http:\/\/www.kivuvu.net\/wordpress\/wp-content\/uploads\/2019\/05\/Lettre-circulaire-63.pdf\">Lettre circulaire 63 (avril 2019)<\/a><\/p>\n<p><a href=\"http:\/\/www.kivuvu.net\/wordpress\/wp-content\/uploads\/2019\/05\/Lettre_circulaire_62.pdf\">Lettre circulaire 62 (d\u00e9cembre 2018)<\/a><\/p>\n<p><a href=\"http:\/\/www.kivuvu.net\/wordpress\/wp-content\/uploads\/2018\/08\/Lettre-circulaire-61-mai-2018.pdf\">Lettre circulaire 61 (mai 2018)<\/a><\/p>\n<p><a href=\"http:\/\/www.kivuvu.net\/wordpress\/wp-content\/uploads\/2018\/08\/Lettre-circulaire-60.pdfhttp:\/\/\">Lettre circulaire 60 (d\u00e9cembre 2017)<\/a><\/p>\n<p><a href=\"http:\/\/www.kivuvu.net\/wordpress\/wp-content\/uploads\/2018\/08\/Lettre-circulaire-59.pdf\">Lettre circulaire 59 (juin 2017)<\/a><\/p>\n<p><a href=\"http:\/\/www.kivuvu.net\/wordpress\/wp-content\/uploads\/2017\/04\/Lettre-circulaire-58.pdf\">Lettre circulaire 58 (d\u00e9cembre 2016)<\/a><\/p>\n<p><a href=\"http:\/\/www.kivuvu.net\/wordpress\/wp-content\/uploads\/2017\/04\/Lettre-circulaire-57.pdf\">Lettre circulaire 57 (ao\u00fbt 2016)<\/a><\/p>\n<p><a href=\"http:\/\/www.kivuvu.net\/wordpress\/wp-content\/uploads\/2012\/07\/Lettre-circulaire-56.pdf\">Lettre circulaire 56<\/a><\/p>\n<p><a href=\"http:\/\/www.kivuvu.net\/wordpress\/wp-content\/uploads\/2012\/07\/Circulaire_55.pdf\">Lettre circulaire_55<\/a><\/p>\n<p><a href=\"http:\/\/www.kivuvu.net\/wordpress\/wp-content\/uploads\/2012\/07\/Circulaire_54.pdf\">Lettre circulaire_54 (octobre 20<\/a><a href=\"http:\/\/www.kivuvu.net\/wordpress\/wp-content\/uploads\/2012\/07\/Circulaire_53.pdf\">15)<\/a><\/p>\n<p><a href=\"http:\/\/www.kivuvu.net\/wordpress\/wp-content\/uploads\/2012\/07\/Circulaire_53.pdf\">Lettre circulaire_53 (mars 2015)<\/a><\/p>\n<p><a href=\"http:\/\/www.kivuvu.net\/wordpress\/wp-content\/uploads\/2012\/07\/Circulaire_51.pdf\">Lettre circulaire_52 (d\u00e9cembre 2014)<\/a><\/p>\n<p><a href=\"http:\/\/www.kivuvu.net\/wordpress\/wp-content\/uploads\/2012\/07\/Circulaire_51.pdf\">Lettre circulaire_51 (septembre 2014)<\/a><\/p>\n<p><a href=\"http:\/\/www.kivuvu.net\/wordpress\/wp-content\/uploads\/2012\/07\/Circulaire_50.pdf\">Lettre circulaire 50 (mars 2014)<\/a><\/p>\n<p><a href=\"http:\/\/www.kivuvu.net\/wordpress\/wp-content\/uploads\/2012\/07\/Circulaire_49.pdf\">Lettre circulaire 49 (d\u00e9cembre 2013)<\/a><\/p>\n<p><a href=\"http:\/\/www.kivuvu.net\/wordpress\/wp-content\/uploads\/2012\/07\/Circulaire-juillet-2013.pdf\">Lettre circulaire 48 (juillet 2013)<\/a><\/p>\n<p><a href=\"http:\/\/www.kivuvu.net\/wordpress\/wp-content\/uploads\/2012\/07\/Circulaire_46_2-2.pdf\">Lettre circulaire 46 (mars 2013)<\/a><\/p>\n<p><a href=\"http:\/\/www.kivuvu.net\/wordpress\/wp-content\/uploads\/2012\/07\/Circulaire_46-1.pdf\">Lettre circulaire 46 (d\u00e9cembre 2012)<\/a><\/p>\n<p><a href=\"http:\/\/www.kivuvu.net\/wordpress\/wp-content\/uploads\/2012\/07\/Circulaire_45.pdf\">Lettre circulaire 45 (ao\u00fbt 2012)<\/a><\/p>\n<p><a href=\"http:\/\/www.kivuvu.net\/wordpress\/wp-content\/uploads\/2012\/07\/Circulaire_441.pdf\">Lettre circulaire 44 (avril 2012)<\/a><\/p>\n<p><a href=\"http:\/\/www.kivuvu.net\/wordpress\/wp-content\/uploads\/2012\/07\/Circulaire_43_2.pdf\">Lettre circulaire 43 (d\u00e9cembre 2011)<\/a><\/p>\n<p><a href=\"http:\/\/www.kivuvu.net\/wordpress\/wp-content\/uploads\/2012\/07\/Circulaire_42.pdf\">Lettre circulaire 42 (ao\u00fbt 2011)<\/a><\/p>\n<p><a href=\"http:\/\/www.kivuvu.net\/wordpress\/wp-content\/uploads\/2012\/07\/Circulaire_41.pdf\">Lettre circulaire 41 (avril 2011)<\/a><\/p>\n<p>Si vous d\u00e9sirez recevoir directement la lettre circulaire, veuillez envoyer votre demande \u00e0&nbsp;<strong>kivuvu.suisse@bluewin.ch<\/strong><\/p>\n\n\n<p><\/p>\n\n\n\n<p><\/p>\n\n\n\n<p><\/p>\n\n\n\n<p><\/p>\n","protected":false},"excerpt":{"rendered":"<p>Lettre circulaire 72 (d\u00e9cembre 2024) Solidarit\u00e9 pour Goma 2\u00e8me voyage Solidarit\u00e9 pour Goma 1er voyage Lettre circulaire 71 (juin 2024) Lettre circulaire 70 (octobre 2023) Lettre circulaire 69 (novembre 2022) Lettre circulaire 68 (juin 2022) Lettre circulaire 67 (Novembre 2021) &hellip; <a href=\"http:\/\/www.kivuvu.net\/wordpress\/?page_id=198\">Continuer la lecture <span class=\"meta-nav\">&rarr;<\/span><\/a><\/p>\n","protected":false},"author":1,"featured_media":0,"parent":0,"menu_order":0,"comment_status":"closed","ping_status":"closed","template":"","meta":{"footnotes":""},"class_list":["post-198","page","type-page","status-publish","hentry"],"_links":{"self":[{"href":"http:\/\/www.kivuvu.net\/wordpress\/index.php?rest_route=\/wp\/v2\/pages\/198","targetHints":{"allow":["GET"]}}],"collection":[{"href":"http:\/\/www.kivuvu.net\/wordpress\/index.php?rest_route=\/wp\/v2\/pages"}],"about":[{"href":"http:\/\/www.kivuvu.net\/wordpress\/index.php?rest_route=\/wp\/v2\/types\/page"}],"author":[{"embeddable":true,"href":"http:\/\/www.kivuvu.net\/wordpress\/index.php?rest_route=\/wp\/v2\/users\/1"}],"replies":[{"embeddable":true,"href":"http:\/\/www.kivuvu.net\/wordpress\/index.php?rest_route=%2Fwp%2Fv2%2Fcomments&post=198"}],"version-history":[{"count":74,"href":"http:\/\/www.kivuvu.net\/wordpress\/index.php?rest_route=\/wp\/v2\/pages\/198\/revisions"}],"predecessor-version":[{"id":878,"href":"http:\/\/www.kivuvu.net\/wordpress\/index.php?rest_route=\/wp\/v2\/pages\/198\/revisions\/878"}],"wp:attachment":[{"href":"http:\/\/www.kivuvu.net\/wordpress\/index.php?rest_route=%2Fwp%2Fv2%2Fmedia&parent=198"}],"curies":[{"name":"wp","href":"https:\/\/api.w.org\/{rel}","templated":true}]}}