{"id":18,"date":"2012-06-26T04:48:10","date_gmt":"2012-06-26T04:48:10","guid":{"rendered":"http:\/\/www.kivuvu.net\/wordpress\/?page_id=18"},"modified":"2023-04-13T08:33:34","modified_gmt":"2023-04-13T08:33:34","slug":"liens-et-divers","status":"publish","type":"page","link":"http:\/\/www.kivuvu.net\/wordpress\/?page_id=18","title":{"rendered":"Contact et soutien"},"content":{"rendered":"<div>\n<div>\n<div>\n<p><a href=\"http:\/\/www.kivuvu.net\/wordpress\/wp-content\/uploads\/2012\/06\/garconseul.gif\"><img loading=\"lazy\" decoding=\"async\" class=\"alignright\" title=\"garconseul\" src=\"http:\/\/www.kivuvu.net\/wordpress\/wp-content\/uploads\/2012\/06\/garconseul-177x300.gif\" alt=\"\" width=\"177\" height=\"300\" \/><\/a>Depuis sa cr\u00e9ation en 2003, diverses \u0153uvres et organisations chr\u00e9tiennes se sont int\u00e9ress\u00e9es au travail de Bana ya Kivuvu en offrant un soutien concret en faveur de ses activit\u00e9s.<\/p>\n<p>En dehors de l\u2019Association Kivuvu en Suisse, nous mentionnons ci-apr\u00e8s les autres associations qui contribuent, chacune pour sa part, \u00e0 couvrir des besoins constants qui se pr\u00e9sentent jour apr\u00e8s jour :<\/p>\n<\/div>\n<\/div>\n<div>\n<div>\n<div>\n<div>\n<div>\n<p><em><strong>Elikya Alsace<\/strong><\/em><br \/>\nElikya, rue de l&rsquo;Eglise 3, F-67330 Kirrwiller<br \/>\nCourriel: <a href=\"mailto:elikya67@gmail.com\">elikya67@gmail.com<\/a><\/p>\n<\/div>\n<\/div>\n<\/div>\n<ul>\n<li><strong>Oeuvres qui accordent un soutien partiel \u00e0\u00a0Bana ya Kivuvu:<br \/>\n<\/strong><a href=\"http:\/\/www.rope.org.uk\/\"><em><strong>Rope Charitable Angleterre<\/strong><\/em><\/a><br \/>\n<a href=\"http:\/\/www.selfrance.org\/index.php\"><em><strong>SEL France<\/strong><\/em><\/a><\/li>\n<\/ul>\n<\/div>\n<div>\n<p>Signalons que depuis quelques ann\u00e9es, des stagiaires de la Haute Ecole Fribourgeoise de Travail Social effectuent r\u00e9guli\u00e8rement des stages pratiques au sein de l\u2019association Bana ya Kivuvu. Ainsi s\u2019op\u00e8re un \u00e9change pr\u00e9cieux pour les deux parties, \u00e9tudiants europ\u00e9ens et centres d\u2019accueil \u00e0 Kinshasa.<\/p>\n<\/div>\n<\/div>\n<\/div>\n<div>\n<div>\n<div>\n<div>\n<p>Toute personne int\u00e9ress\u00e9e \u00e0 ce travail peut s\u2019adresser aux membres de notre comit\u00e9 qui se tiennent \u00e0 leur disposition pour toute information utile. Pour tout renseignement compl\u00e9mentaire, veuillez vous adresser \u00e0 la pr\u00e9sidente de notre association :<\/p>\n<\/div>\n<\/div>\n<\/div>\n<div>\n<p><em>Danielle Curchod, r<\/em><em>oute de l&rsquo;Etraz 54, <\/em><em>1260 Nyon, <\/em><em>e-mail : <a href=\"mailto:kivuvu.suisse@bluewin.ch\">kivuvu.suisse@bluewin.ch<\/a><\/em><\/p>\n<\/div>\n<div>\n<div>\n<div>\n<p>Deux fois par an, une lettre de nouvelles concernant l\u2019ensemble du travail effectu\u00e9 \u00e0 Kinshasa est envoy\u00e9e \u00e0 tous ceux qui le d\u00e9sirent.<\/p>\n<\/div>\n<div>\n<p><strong>Pour\u00a0 soutenir ce travail<\/strong> :<br \/>\nCCP 17-592015-3 au nom de : Association Kivuvu, 1260 Nyon<br \/>\nIBAN: IBAN CH36 0900 0000 1759 2015 3<br \/>\nLes donateurs suisses b\u00e9n\u00e9ficient de l\u2019exon\u00e9ration fiscale.<\/p>\n<p><a href=\"http:\/\/www.kivuvu.net\/wordpress\/wp-content\/uploads\/2023\/04\/QR_Facture_Kivuvu.jpg\"><img loading=\"lazy\" decoding=\"async\" class=\"alignright size-large wp-image-811\" src=\"http:\/\/www.kivuvu.net\/wordpress\/wp-content\/uploads\/2023\/04\/QR_Facture_Kivuvu-1024x520.jpg\" alt=\"\" width=\"584\" height=\"297\" srcset=\"http:\/\/www.kivuvu.net\/wordpress\/wp-content\/uploads\/2023\/04\/QR_Facture_Kivuvu-1024x520.jpg 1024w, http:\/\/www.kivuvu.net\/wordpress\/wp-content\/uploads\/2023\/04\/QR_Facture_Kivuvu-300x152.jpg 300w, http:\/\/www.kivuvu.net\/wordpress\/wp-content\/uploads\/2023\/04\/QR_Facture_Kivuvu-768x390.jpg 768w, http:\/\/www.kivuvu.net\/wordpress\/wp-content\/uploads\/2023\/04\/QR_Facture_Kivuvu-1536x780.jpg 1536w, http:\/\/www.kivuvu.net\/wordpress\/wp-content\/uploads\/2023\/04\/QR_Facture_Kivuvu-2048x1041.jpg 2048w, http:\/\/www.kivuvu.net\/wordpress\/wp-content\/uploads\/2023\/04\/QR_Facture_Kivuvu-500x254.jpg 500w\" sizes=\"auto, (max-width: 584px) 100vw, 584px\" \/><\/a><\/p>\n<p>Pour les virements depuis l\u2019\u00e9tranger :\u00a0IBAN CH36 0900 0000 1759 2015 3 avec le BIC POFICHBEXXX<\/p>\n<\/div>\n<\/div>\n<\/div>\n<\/div>\n","protected":false},"excerpt":{"rendered":"<p>Depuis sa cr\u00e9ation en 2003, diverses \u0153uvres et organisations chr\u00e9tiennes se sont int\u00e9ress\u00e9es au travail de Bana ya Kivuvu en offrant un soutien concret en faveur de ses activit\u00e9s. En dehors de l\u2019Association Kivuvu en Suisse, nous mentionnons ci-apr\u00e8s les &hellip; <a href=\"http:\/\/www.kivuvu.net\/wordpress\/?page_id=18\">Continuer la lecture <span class=\"meta-nav\">&rarr;<\/span><\/a><\/p>\n","protected":false},"author":1,"featured_media":0,"parent":0,"menu_order":0,"comment_status":"closed","ping_status":"open","template":"","meta":{"footnotes":""},"class_list":["post-18","page","type-page","status-publish","hentry"],"_links":{"self":[{"href":"http:\/\/www.kivuvu.net\/wordpress\/index.php?rest_route=\/wp\/v2\/pages\/18","targetHints":{"allow":["GET"]}}],"collection":[{"href":"http:\/\/www.kivuvu.net\/wordpress\/index.php?rest_route=\/wp\/v2\/pages"}],"about":[{"href":"http:\/\/www.kivuvu.net\/wordpress\/index.php?rest_route=\/wp\/v2\/types\/page"}],"author":[{"embeddable":true,"href":"http:\/\/www.kivuvu.net\/wordpress\/index.php?rest_route=\/wp\/v2\/users\/1"}],"replies":[{"embeddable":true,"href":"http:\/\/www.kivuvu.net\/wordpress\/index.php?rest_route=%2Fwp%2Fv2%2Fcomments&post=18"}],"version-history":[{"count":40,"href":"http:\/\/www.kivuvu.net\/wordpress\/index.php?rest_route=\/wp\/v2\/pages\/18\/revisions"}],"predecessor-version":[{"id":813,"href":"http:\/\/www.kivuvu.net\/wordpress\/index.php?rest_route=\/wp\/v2\/pages\/18\/revisions\/813"}],"wp:attachment":[{"href":"http:\/\/www.kivuvu.net\/wordpress\/index.php?rest_route=%2Fwp%2Fv2%2Fmedia&parent=18"}],"curies":[{"name":"wp","href":"https:\/\/api.w.org\/{rel}","templated":true}]}}