{"id":118,"date":"2012-07-15T20:50:16","date_gmt":"2012-07-15T20:50:16","guid":{"rendered":"http:\/\/www.kivuvu.net\/wordpress\/?page_id=118"},"modified":"2023-05-07T14:24:09","modified_gmt":"2023-05-07T14:24:09","slug":"projets","status":"publish","type":"page","link":"http:\/\/www.kivuvu.net\/wordpress\/?page_id=118","title":{"rendered":"Projets"},"content":{"rendered":"<p><a href=\"http:\/\/www.kivuvu.net\/wordpress\/wp-content\/uploads\/2012\/07\/Maison-espoir.jpg\"><img loading=\"lazy\" decoding=\"async\" class=\"alignnone size-large wp-image-493\" title=\"Maison espoir\" src=\"http:\/\/www.kivuvu.net\/wordpress\/wp-content\/uploads\/2012\/07\/Maison-espoir-1024x683.jpg\" alt=\"\" width=\"584\" height=\"389\" srcset=\"http:\/\/www.kivuvu.net\/wordpress\/wp-content\/uploads\/2012\/07\/Maison-espoir-1024x683.jpg 1024w, http:\/\/www.kivuvu.net\/wordpress\/wp-content\/uploads\/2012\/07\/Maison-espoir-300x200.jpg 300w, http:\/\/www.kivuvu.net\/wordpress\/wp-content\/uploads\/2012\/07\/Maison-espoir-449x300.jpg 449w\" sizes=\"auto, (max-width: 584px) 100vw, 584px\" \/><\/a><\/p>\n\n\n<p><a href=\"http:\/\/www.kivuvu.net\/wordpress\/wp-content\/uploads\/2023\/04\/Presentation-des-maisons.pptx\">Br\u00e8ve pr\u00e9sentations des maisons en pptx <\/a><\/p>\n\n\n\n<p><a href=\"http:\/\/www.kivuvu.net\/wordpress\/wp-content\/uploads\/2023\/05\/Presentation_CH_site.pdf\" target=\"_blank\" rel=\"noreferrer noopener\">Pr\u00e9sentation \u00ab\u00a0en route vers l&rsquo;autonomie\u00a0\u00bb pr\u00e9sent\u00e9 le 2 octobre 2022<\/a><\/p>\n","protected":false},"excerpt":{"rendered":"<p>Br\u00e8ve pr\u00e9sentations des maisons en pptx Pr\u00e9sentation \u00ab\u00a0en route vers l&rsquo;autonomie\u00a0\u00bb pr\u00e9sent\u00e9 le 2 octobre 2022<\/p>\n","protected":false},"author":1,"featured_media":0,"parent":0,"menu_order":0,"comment_status":"closed","ping_status":"closed","template":"","meta":{"footnotes":""},"class_list":["post-118","page","type-page","status-publish","hentry"],"_links":{"self":[{"href":"http:\/\/www.kivuvu.net\/wordpress\/index.php?rest_route=\/wp\/v2\/pages\/118","targetHints":{"allow":["GET"]}}],"collection":[{"href":"http:\/\/www.kivuvu.net\/wordpress\/index.php?rest_route=\/wp\/v2\/pages"}],"about":[{"href":"http:\/\/www.kivuvu.net\/wordpress\/index.php?rest_route=\/wp\/v2\/types\/page"}],"author":[{"embeddable":true,"href":"http:\/\/www.kivuvu.net\/wordpress\/index.php?rest_route=\/wp\/v2\/users\/1"}],"replies":[{"embeddable":true,"href":"http:\/\/www.kivuvu.net\/wordpress\/index.php?rest_route=%2Fwp%2Fv2%2Fcomments&post=118"}],"version-history":[{"count":9,"href":"http:\/\/www.kivuvu.net\/wordpress\/index.php?rest_route=\/wp\/v2\/pages\/118\/revisions"}],"predecessor-version":[{"id":840,"href":"http:\/\/www.kivuvu.net\/wordpress\/index.php?rest_route=\/wp\/v2\/pages\/118\/revisions\/840"}],"wp:attachment":[{"href":"http:\/\/www.kivuvu.net\/wordpress\/index.php?rest_route=%2Fwp%2Fv2%2Fmedia&parent=118"}],"curies":[{"name":"wp","href":"https:\/\/api.w.org\/{rel}","templated":true}]}}