{"id":11,"date":"2012-06-24T18:55:40","date_gmt":"2012-06-24T18:55:40","guid":{"rendered":"http:\/\/www.kivuvu.net\/wordpress\/?page_id=11"},"modified":"2025-10-06T15:47:11","modified_gmt":"2025-10-06T15:47:11","slug":"origine-de-loeuvre-a-kinshasa","status":"publish","type":"page","link":"http:\/\/www.kivuvu.net\/wordpress\/?page_id=11","title":{"rendered":"Origine"},"content":{"rendered":"<p><a href=\"http:\/\/www.kivuvu.net\/wordpress\/wp-content\/uploads\/2020\/01\/Helene.jpg\"><img loading=\"lazy\" decoding=\"async\" class=\"alignright wp-image-666 size-large\" title=\"H\u00e9l\u00e8ne-+-Priscilia-jan.11\" src=\"http:\/\/www.kivuvu.net\/wordpress\/wp-content\/uploads\/2020\/01\/Helene-1024x683.jpg\" alt=\"\" width=\"584\" height=\"390\" srcset=\"http:\/\/www.kivuvu.net\/wordpress\/wp-content\/uploads\/2020\/01\/Helene-1024x683.jpg 1024w, http:\/\/www.kivuvu.net\/wordpress\/wp-content\/uploads\/2020\/01\/Helene-300x200.jpg 300w, http:\/\/www.kivuvu.net\/wordpress\/wp-content\/uploads\/2020\/01\/Helene-768x512.jpg 768w, http:\/\/www.kivuvu.net\/wordpress\/wp-content\/uploads\/2020\/01\/Helene-450x300.jpg 450w\" sizes=\"auto, (max-width: 584px) 100vw, 584px\" \/><\/a><br \/>\nA l\u2019origine du travail \u00e0 Kinshasa se trouve une femme congolaise, Maman H\u00e9l\u00e8ne Alemusuey. Elle est au b\u00e9n\u00e9fice d\u2019une formation th\u00e9ologique suivie en Suisse de 1983 \u00e0 1986 et d\u2019une riche exp\u00e9rience de vie.<\/p>\n<div>\n<p>Apr\u00e8s avoir travaill\u00e9 pendant plus de 23 ans au sein de la Ligue pour la Lecture de la Bible, son c\u0153ur s\u2019ouvre de plus en plus aux besoins urgents des enfants de la rue et plus tard \u00e0 celui de femmes et jeunes filles exploit\u00e9es pour la prostitution. Parall\u00e8lement \u00e0 son travail au sein de la Ligue pour la Lecture de la Bible, elle commence \u00e0 organiser des actions d\u2019\u00e9vang\u00e9lisation dans un centre d\u2019accueil.\u00a0Avec l\u2019aide d\u2019amies qui ont une m\u00eame vision, elle met sur pied des camps pour les enfants de la rue. Finalement, face aux besoins pressants et ayant re\u00e7u un appel tr\u00e8s clair dans son c\u0153ur, H\u00e9l\u00e8ne Alemusuey quitte la Ligue en 2003 pour se lancer \u00e0 plein temps dans ce travail de r\u00e9insertion sociale li\u00e9 \u00e0 l\u2019annonce de l\u2019Evangile. Petit \u00e0 petit, elle entreprend des initiatives pr\u00e9cises pour accueillir des enfants et des femmes. L\u2019annonce de l\u2019Evangile aboutit logiquement \u00e0 des actions \u00e0 caract\u00e8re social : scolarisation des enfants, h\u00e9bergement, nourriture, habits, encadrement, etc. Toutes ces activit\u00e9s aboutissent \u00e0 la cr\u00e9ation de l&rsquo;association\u00a0\u00ab Bana ya Kivuvu \u00bb.<\/p>\n<p><a href=\"http:\/\/www.kivuvu.net\/wordpress\/wp-content\/uploads\/2012\/06\/campsenf9.jpg\"><img loading=\"lazy\" decoding=\"async\" class=\"alignright size-large wp-image-154\" title=\"campsenf9\" src=\"http:\/\/www.kivuvu.net\/wordpress\/wp-content\/uploads\/2012\/06\/campsenf9-1024x740.jpg\" alt=\"\" width=\"584\" height=\"422\" srcset=\"http:\/\/www.kivuvu.net\/wordpress\/wp-content\/uploads\/2012\/06\/campsenf9-1024x740.jpg 1024w, http:\/\/www.kivuvu.net\/wordpress\/wp-content\/uploads\/2012\/06\/campsenf9-300x216.jpg 300w, http:\/\/www.kivuvu.net\/wordpress\/wp-content\/uploads\/2012\/06\/campsenf9-414x300.jpg 414w, http:\/\/www.kivuvu.net\/wordpress\/wp-content\/uploads\/2012\/06\/campsenf9.jpg 1772w\" sizes=\"auto, (max-width: 584px) 100vw, 584px\" \/><\/a><\/p>\n<p>Un des premier buts de notre association, fond\u00e9e en 2005, consistait \u00e0 rassembler un soutien mensuel r\u00e9gulier pour H\u00e9l\u00e8ne Alemusuey afin qu\u2019elle soit lib\u00e9r\u00e9e de ce souci mat\u00e9riel constant. Entre-temps, nous avons pu, gr\u00e2ce \u00e0 de nombreux donateurs et amis, augmenter consid\u00e9rablement notre aide financi\u00e8re\u00a0en faveur des divers besoins qui n\u2019ont cess\u00e9 d\u2019augmenter depuis les d\u00e9buts.<br \/>\nCommenc\u00e9e par une seule personne, l\u2019\u0153uvre de \u00a0\u00a0\u00ab Bana ya Kivuvu \u00bb\u00a0occupe actuellement (2018) une quarantaine de collaborateurs(trices) \u00e0 plein temps ou \u00e0 temps partiel et a pu acqu\u00e9rir plusieurs maisons qui peuvent accueillir une centaine de personnes.<\/p>\n<p>Paulin Ndiadia a \u00e9t\u00e9 directeur de 2022 \u00e0 2025.H\u00e9l\u00e8ne Alemusuey reste charg\u00e9e de la recherche de fonds pour principalement les projets de construction et agricoles.<\/p>\n<p>Actuellement une \u00e9quipe de direction se pr\u00e9pare \u00e0 prendre le relai (4 personnes).<\/p>\n<\/div>\n<p>L&rsquo;\u00e9quipe<\/p>\n<p><a href=\"http:\/\/www.kivuvu.net\/wordpress\/wp-content\/uploads\/2020\/03\/equipe5-scaled.jpg\"><img loading=\"lazy\" decoding=\"async\" class=\"alignright size-large wp-image-694\" src=\"http:\/\/www.kivuvu.net\/wordpress\/wp-content\/uploads\/2020\/03\/equipe5-1024x561.jpg\" alt=\"\" width=\"584\" height=\"320\" srcset=\"http:\/\/www.kivuvu.net\/wordpress\/wp-content\/uploads\/2020\/03\/equipe5-1024x561.jpg 1024w, http:\/\/www.kivuvu.net\/wordpress\/wp-content\/uploads\/2020\/03\/equipe5-300x164.jpg 300w, http:\/\/www.kivuvu.net\/wordpress\/wp-content\/uploads\/2020\/03\/equipe5-768x421.jpg 768w, http:\/\/www.kivuvu.net\/wordpress\/wp-content\/uploads\/2020\/03\/equipe5-1536x842.jpg 1536w, http:\/\/www.kivuvu.net\/wordpress\/wp-content\/uploads\/2020\/03\/equipe5-2048x1122.jpg 2048w, http:\/\/www.kivuvu.net\/wordpress\/wp-content\/uploads\/2020\/03\/equipe5-500x274.jpg 500w\" sizes=\"auto, (max-width: 584px) 100vw, 584px\" \/><\/a><\/p>\n<div>\n<div>\n<p>Cette \u0153uvre a pour but l\u2019encadrement des enfants d\u00e9favoris\u00e9s. Ses activit\u00e9s se situent \u00e0 divers niveaux : \u00e9vang\u00e9lisation parmi les enfants de la rue, accueil et prise en charge complet, scolarisation, enseignement biblique aupr\u00e8s de mineurs en prison, exploitation d\u2019un terrain agricole.<br \/>\nPlus de 20\u2019000 enfants sont abandonn\u00e9s et livr\u00e9s \u00e0 eux-m\u00eames dans les rues de Kinshasa. L\u2019ensemble des activit\u00e9s de Bana ya Kivuvu s\u2019organise dans les secteurs suivants\u00a0:<\/p>\n<ul>\n<li>&#8211; \u00a0<a title=\"La Maison de Bakole\" href=\"http:\/\/www.kivuvu.net\/wordpress\/?page_id=27\">La Maison de Bakole<\/a><\/li>\n<li>&#8211; \u00a0<a href=\"http:\/\/www.kivuvu.net\/wordpress\/?page_id=66\">La Maison de l\u2019Espoir<\/a><\/li>\n<li>&#8211; \u00a0<a href=\"http:\/\/www.kivuvu.net\/wordpress\/?page_id=74\">Le centre partenaire\u00a0Mbongwana<\/a><\/li>\n<li>&#8211; \u00a0<a href=\"http:\/\/www.kivuvu.net\/wordpress\/?page_id=84\">La Maison des filles\u00a0(Havre de paix)<\/a><\/li>\n<li>&#8211; \u00a0<a href=\"http:\/\/www.kivuvu.net\/wordpress\/?page_id=94\">Annonce de l&rsquo;Evangile en prison<\/a><\/li>\n<li>&#8211; \u00a0<a href=\"http:\/\/www.kivuvu.net\/wordpress\/?page_id=98\">Le terrain agricole<\/a><\/li>\n<li>&#8211; \u00a0<a title=\"BONGWANA YA MOZINDO (transformation profonde)\" href=\"http:\/\/www.kivuvu.net\/wordpress\/?page_id=22\">Bongwana ya Mozindo (transformation profonde)<\/a><\/li>\n<\/ul>\n<\/div>\n<\/div>\n","protected":false},"excerpt":{"rendered":"<p>A l\u2019origine du travail \u00e0 Kinshasa se trouve une femme congolaise, Maman H\u00e9l\u00e8ne Alemusuey. Elle est au b\u00e9n\u00e9fice d\u2019une formation th\u00e9ologique suivie en Suisse de 1983 \u00e0 1986 et d\u2019une riche exp\u00e9rience de vie. Apr\u00e8s avoir travaill\u00e9 pendant plus de &hellip; <a href=\"http:\/\/www.kivuvu.net\/wordpress\/?page_id=11\">Continuer la lecture <span class=\"meta-nav\">&rarr;<\/span><\/a><\/p>\n","protected":false},"author":1,"featured_media":0,"parent":0,"menu_order":0,"comment_status":"closed","ping_status":"open","template":"","meta":{"footnotes":""},"class_list":["post-11","page","type-page","status-publish","hentry"],"_links":{"self":[{"href":"http:\/\/www.kivuvu.net\/wordpress\/index.php?rest_route=\/wp\/v2\/pages\/11","targetHints":{"allow":["GET"]}}],"collection":[{"href":"http:\/\/www.kivuvu.net\/wordpress\/index.php?rest_route=\/wp\/v2\/pages"}],"about":[{"href":"http:\/\/www.kivuvu.net\/wordpress\/index.php?rest_route=\/wp\/v2\/types\/page"}],"author":[{"embeddable":true,"href":"http:\/\/www.kivuvu.net\/wordpress\/index.php?rest_route=\/wp\/v2\/users\/1"}],"replies":[{"embeddable":true,"href":"http:\/\/www.kivuvu.net\/wordpress\/index.php?rest_route=%2Fwp%2Fv2%2Fcomments&post=11"}],"version-history":[{"count":60,"href":"http:\/\/www.kivuvu.net\/wordpress\/index.php?rest_route=\/wp\/v2\/pages\/11\/revisions"}],"predecessor-version":[{"id":902,"href":"http:\/\/www.kivuvu.net\/wordpress\/index.php?rest_route=\/wp\/v2\/pages\/11\/revisions\/902"}],"wp:attachment":[{"href":"http:\/\/www.kivuvu.net\/wordpress\/index.php?rest_route=%2Fwp%2Fv2%2Fmedia&parent=11"}],"curies":[{"name":"wp","href":"https:\/\/api.w.org\/{rel}","templated":true}]}}